{"id":7697,"date":"2022-08-30T18:20:41","date_gmt":"2022-08-30T21:20:41","guid":{"rendered":"https:\/\/canadiancraftsfederation.ca\/?page_id=7697"},"modified":"2025-11-10T11:05:54","modified_gmt":"2025-11-10T15:05:54","slug":"lenvergure-des-metiers-dart","status":"publish","type":"page","link":"https:\/\/canadiancraftsfederation.ca\/fr\/lenvergure-des-metiers-dart\/","title":{"rendered":"L\u2019envergure des m\u00e9tiers d\u2019art"},"content":{"rendered":"\n<h2 class=\"wp-block-heading\">L\u2019envergure des m\u00e9tiers d\u2019art<\/h2>\n\n\n\n<p>L\u2019expos\u00e9 de principes L\u2019envergure des m\u00e9tiers d\u2019art est un guide facile \u00e0 comprendre dont la vis\u00e9e est de servir de r\u00e9f\u00e9rence et de fournir une introduction aux m\u00e9tiers d\u2019art pour les repr\u00e9sentants gouvernementaux et ceux qui \u0153uvrent \u00e0 l\u2019ext\u00e9rieur du secteur des m\u00e9tiers d\u2019art au Canada. La CCF\/FCMA a travaill\u00e9 avec la communaut\u00e9 pour \u00e9tablir un document inclusif et ouvert pour d\u00e9finir les m\u00e9tiers d\u2019art. Le processus comportait une \u00e9quipe de r\u00e9daction avec l\u2019appui des membres du comit\u00e9 de d\u00e9fense, des lecteurs d\u2019\u00e9preuves et des r\u00e9visions pouss\u00e9es.<\/p>\n\n\n\n<p>De l\u2019expression artistique \u00e0 l\u2019\u00e9conomie, L\u2019envergure des m\u00e9tiers d\u2019art souligne neuf th\u00e8mes principaux en m\u00e9tiers d\u2019art qui d\u00e9crivent bri\u00e8vement l\u2019histoire et l\u2019influence des m\u00e9tiers d\u2019art au Canada. De plus, l\u2019expos\u00e9 de principes met en lumi\u00e8re de vraies \u00e9tudes de cas de r\u00e9els artistes et l\u2019impact qu\u2019ont eu les m\u00e9tiers d\u2019art sur leur vie et leur carri\u00e8re.<\/p>\n\n\n\n<div data-wp-interactive=\"core\/file\" class=\"wp-block-file\"><object data-wp-bind--hidden=\"!state.hasPdfPreview\" hidden class=\"wp-block-file__embed\" data=\"https:\/\/canadiancraftsfederation.ca\/wp-content\/uploads\/2025\/11\/Des-Metiers-Dart-aux-Visages-Multiples.pdf\" type=\"application\/pdf\" style=\"width:100%;height:600px\" aria-label=\"Contenu embarqu\u00e9 Des Me\u0301tiers D&apos;art aux Visages Multiples.\"><\/object><a id=\"wp-block-file--media-8b53655b-84cf-41d5-9a1d-e5bd390499c0\" href=\"https:\/\/canadiancraftsfederation.ca\/wp-content\/uploads\/2025\/11\/Des-Metiers-Dart-aux-Visages-Multiples.pdf\" target=\"_blank\" rel=\"noreferrer noopener\">Des Me\u0301tiers D&rsquo;art aux Visages Multiples<\/a><a href=\"https:\/\/canadiancraftsfederation.ca\/wp-content\/uploads\/2025\/11\/Des-Metiers-Dart-aux-Visages-Multiples.pdf\" class=\"wp-block-file__button wp-element-button\" download aria-describedby=\"wp-block-file--media-8b53655b-84cf-41d5-9a1d-e5bd390499c0\">Download<\/a><\/div>\n\n\n\n<div style=\"height:100px\" aria-hidden=\"true\" class=\"wp-block-spacer\"><\/div>\n\n\n\n<figure class=\"wp-block-image size-large is-style-default\"><a href=\"https:\/\/canadiancraftsfederation.ca\/wp-content\/uploads\/2021\/11\/\u200b\u200bUn-guide-pour-les-me\u0301tiers-dart.png\"><img loading=\"lazy\" decoding=\"async\" width=\"1024\" height=\"332\" src=\"https:\/\/canadiancraftsfederation.ca\/wp-content\/uploads\/2021\/11\/\u200b\u200bUn-guide-pour-les-me\u0301tiers-dart-1024x332.png\" alt=\"\" class=\"wp-image-6741\" srcset=\"https:\/\/canadiancraftsfederation.ca\/wp-content\/uploads\/2021\/11\/\u200b\u200bUn-guide-pour-les-me\u0301tiers-dart-1024x332.png 1024w, https:\/\/canadiancraftsfederation.ca\/wp-content\/uploads\/2021\/11\/\u200b\u200bUn-guide-pour-les-me\u0301tiers-dart-300x97.png 300w, https:\/\/canadiancraftsfederation.ca\/wp-content\/uploads\/2021\/11\/\u200b\u200bUn-guide-pour-les-me\u0301tiers-dart-768x249.png 768w, https:\/\/canadiancraftsfederation.ca\/wp-content\/uploads\/2021\/11\/\u200b\u200bUn-guide-pour-les-me\u0301tiers-dart-1536x498.png 1536w, https:\/\/canadiancraftsfederation.ca\/wp-content\/uploads\/2021\/11\/\u200b\u200bUn-guide-pour-les-me\u0301tiers-dart-2048x664.png 2048w\" sizes=\"auto, (max-width: 1024px) 100vw, 1024px\" \/><\/a><\/figure>\n\n\n\n<h2 class=\"wp-block-heading\">Outils de r\u00e9f\u00e9rence<\/h2>\n\n\n\n<p>La CCF\/FCMA a cr\u00e9\u00e9 des options d\u2019affiches et de cartes postales \u00e0 imprimer \u00e0 la maison ou \u00e0 envoyer chez un imprimeur professionnel pour des commandes en gros.<\/p>\n\n\n\n<div class=\"wp-block-buttons is-horizontal is-content-justification-center is-layout-flex wp-container-core-buttons-is-layout-499968f5 wp-block-buttons-is-layout-flex\">\n<div class=\"wp-block-button\"><a class=\"wp-block-button__link wp-element-button\" href=\"https:\/\/canadiancraftsfederation.ca\/wp-content\/uploads\/2021\/11\/Guide-dimpression-pour-Lenvergure-des-me\u0301tiers-dart.pdf\" target=\"_blank\" rel=\"noreferrer noopener\">Comment imprimer<\/a><\/div>\n<\/div>\n\n\n\n<div class=\"wp-block-coblocks-accordion\">\n<div class=\"wp-block-coblocks-accordion-item\"><details><summary class=\"wp-block-coblocks-accordion-item__title\">Imprimez des affiches de votre imprimante personnelle.<\/summary><div class=\"wp-block-coblocks-accordion-item__content\">\n<div class=\"wp-block-file\"><a id=\"wp-block-file--media-33e52793-5e83-48c7-8540-1d2077c4e512\" href=\"https:\/\/canadiancraftsfederation.ca\/wp-content\/uploads\/2021\/11\/Lenvergure-des-me\u0301tiers-dart_8.5po-x-11po.pdf\">L\u2019envergure des me\u0301tiers d\u2019art 8.5po x 11po<\/a><a href=\"https:\/\/canadiancraftsfederation.ca\/wp-content\/uploads\/2021\/11\/Lenvergure-des-me\u0301tiers-dart_8.5po-x-11po.pdf\" class=\"wp-block-file__button wp-element-button\" download aria-describedby=\"wp-block-file--media-33e52793-5e83-48c7-8540-1d2077c4e512\">T\u00e9l\u00e9charger<\/a><\/div>\n<\/div><\/details><\/div>\n\n\n\n<div class=\"wp-block-coblocks-accordion-item\"><details><summary class=\"wp-block-coblocks-accordion-item__title\">Affiches et cartes postales avec fond perdu<\/summary><div class=\"wp-block-coblocks-accordion-item__content\">\n<div class=\"wp-block-file aligncenter\"><a id=\"wp-block-file--media-1618456a-714a-4914-b5ee-0c8d5e2bf8c1\" href=\"https:\/\/canadiancraftsfederation.ca\/wp-content\/uploads\/2021\/11\/Lenvergure-des-me\u0301tiers-dart_18po-x-24po.pdf\">Grosse affiche_18po x 24po<\/a><a href=\"https:\/\/canadiancraftsfederation.ca\/wp-content\/uploads\/2021\/11\/Lenvergure-des-me\u0301tiers-dart_18po-x-24po.pdf\" class=\"wp-block-file__button wp-element-button\" download aria-describedby=\"wp-block-file--media-1618456a-714a-4914-b5ee-0c8d5e2bf8c1\">T\u00e9l\u00e9charger<\/a><\/div>\n\n\n\n<div class=\"wp-block-file\"><a id=\"wp-block-file--media-a24520fc-af1b-4434-82da-76faddb9e0d4\" href=\"https:\/\/canadiancraftsfederation.ca\/wp-content\/uploads\/2021\/11\/Lenvergure-des-me\u0301tiers-dart_8.5po-x-11po.pdf\">Petite affiche 17po x 11po<\/a><a href=\"https:\/\/canadiancraftsfederation.ca\/wp-content\/uploads\/2021\/11\/Lenvergure-des-me\u0301tiers-dart_8.5po-x-11po.pdf\" class=\"wp-block-file__button wp-element-button\" download aria-describedby=\"wp-block-file--media-a24520fc-af1b-4434-82da-76faddb9e0d4\">T\u00e9l\u00e9charger<\/a><\/div>\n\n\n\n<div class=\"wp-block-file aligncenter\"><a id=\"wp-block-file--media-8b7f01f9-1fe2-422f-8bc3-830b768b135e\" href=\"https:\/\/canadiancraftsfederation.ca\/wp-content\/uploads\/2021\/11\/Carte-postale.pdf\">Carte postale<\/a><a href=\"https:\/\/canadiancraftsfederation.ca\/wp-content\/uploads\/2021\/11\/Carte-postale.pdf\" class=\"wp-block-file__button wp-element-button\" download aria-describedby=\"wp-block-file--media-8b7f01f9-1fe2-422f-8bc3-830b768b135e\">T\u00e9l\u00e9charger<\/a><\/div>\n<\/div><\/details><\/div>\n<\/div>\n","protected":false},"excerpt":{"rendered":"<p>L\u2019expos\u00e9 de principes L\u2019envergure des m\u00e9tiers d\u2019art est un guide facile \u00e0 comprendre dont la vis\u00e9e est de servir de r\u00e9f\u00e9rence et de fournir une introduction aux m\u00e9tiers d\u2019art pour&#8230;<\/p>\n","protected":false},"author":7,"featured_media":11150,"parent":0,"menu_order":0,"comment_status":"closed","ping_status":"closed","template":"template-content-page.php","meta":{"_acf_changed":false,"_coblocks_attr":"","_coblocks_dimensions":"","_coblocks_responsive_height":"","_coblocks_accordion_ie_support":"","_monsterinsights_skip_tracking":false,"_monsterinsights_sitenote_active":false,"_monsterinsights_sitenote_note":"","_monsterinsights_sitenote_category":0,"footnotes":""},"class_list":["post-7697","page","type-page","status-publish","has-post-thumbnail","hentry"],"acf":[],"aioseo_notices":[],"_links":{"self":[{"href":"https:\/\/canadiancraftsfederation.ca\/fr\/wp-json\/wp\/v2\/pages\/7697","targetHints":{"allow":["GET"]}}],"collection":[{"href":"https:\/\/canadiancraftsfederation.ca\/fr\/wp-json\/wp\/v2\/pages"}],"about":[{"href":"https:\/\/canadiancraftsfederation.ca\/fr\/wp-json\/wp\/v2\/types\/page"}],"author":[{"embeddable":true,"href":"https:\/\/canadiancraftsfederation.ca\/fr\/wp-json\/wp\/v2\/users\/7"}],"replies":[{"embeddable":true,"href":"https:\/\/canadiancraftsfederation.ca\/fr\/wp-json\/wp\/v2\/comments?post=7697"}],"version-history":[{"count":3,"href":"https:\/\/canadiancraftsfederation.ca\/fr\/wp-json\/wp\/v2\/pages\/7697\/revisions"}],"predecessor-version":[{"id":11008,"href":"https:\/\/canadiancraftsfederation.ca\/fr\/wp-json\/wp\/v2\/pages\/7697\/revisions\/11008"}],"wp:featuredmedia":[{"embeddable":true,"href":"https:\/\/canadiancraftsfederation.ca\/fr\/wp-json\/wp\/v2\/media\/11150"}],"wp:attachment":[{"href":"https:\/\/canadiancraftsfederation.ca\/fr\/wp-json\/wp\/v2\/media?parent=7697"}],"curies":[{"name":"wp","href":"https:\/\/api.w.org\/{rel}","templated":true}]}}