{"id":451,"date":"2015-09-14T22:26:57","date_gmt":"2015-09-15T02:26:57","guid":{"rendered":"https:\/\/canadiancraftsfederation.ca\/fr\/?page_id=451"},"modified":"2024-08-08T12:24:22","modified_gmt":"2024-08-08T15:24:22","slug":"preparation-aux-situations-durgence","status":"publish","type":"page","link":"https:\/\/canadiancraftsfederation.ca\/fr\/ressources\/preparation-aux-situations-durgence\/","title":{"rendered":"\u00c9ducation"},"content":{"rendered":"\n<div style=\"height:44px\" aria-hidden=\"true\" class=\"wp-block-spacer\"><\/div>\n\n\n\n<p>Approfondissez vos connaissances gr\u00e2ce \u00e0 nos ressources \u00e9ducatives compl\u00e8tes consacr\u00e9es aux m\u00e9tiers d\u2019art canadiens. Vous pourrez y explorer une vari\u00e9t\u00e9 de programmes d\u2019\u00e9tudes sup\u00e9rieures vou\u00e9s aux arts, y compris des cursus sp\u00e9cialis\u00e9s, des ateliers et des cours en ligne pour enrichir votre carri\u00e8re en m\u00e9tiers d\u2019art.<\/p>\n\n\n\n<div style=\"height:45px\" aria-hidden=\"true\" class=\"wp-block-spacer\"><\/div>\n\n\n<div id=\"entry-6a0120a52c8759970b0162fc1719ca970d\" class=\"entry-author-canadian_crafts_federation entry-type-page entry\">\n<div class=\"entry-inner\">\n<h3>L\u2019\u00e9ducation au Canada dans le domaine des m\u00e9tiers d\u2019art<\/h3>\n<div class=\"entry-body\">\n<h4>COLOMBIE-BRITANNIQUE<\/h4>\n<\/div>\n<div class=\"entry-content\">\n<ul>\n<li>Kwantlen University College |\u00a0<a href=\"http:\/\/www.kwantlen.ca\/calendar\/2011-12\/design\/fashiontechnology-deg.html\" target=\"_blank\" rel=\"noopener\">Fashion &amp; Technology: Bachelor of Design<\/a><\/li>\n<li>University College of the Fraser Valley |\u00a0<a href=\"http:\/\/www.ufv.ca\/calendar\/2011_12\/ProgramsF-L\/FD_DIP.htm\" target=\"_blank\" rel=\"noopener\">Fashion Design Diploma<\/a><\/li>\n<li>Emily Carr Institute of Art + Design |\u00a0<a href=\"http:\/\/www.ecuad.ca\/programs\/undergrad\/bfa\/visualarts\/ceramics\" target=\"_blank\" rel=\"noopener\">Ceramics: Bachelor of Fine Arts<\/a><\/li>\n<li>Selkirk College: Kootenay School of the Arts |\u00a0<a href=\"http:\/\/selkirk.ca\/programs\/ksa\/ksaclay\/\" target=\"_blank\" rel=\"noopener\">Clay<\/a>, <a href=\"http:\/\/selkirk.ca\/programs\/ksa\/ksafibre\/\" target=\"_blank\" rel=\"noopener\">Fibre<\/a>, <a href=\"http:\/\/selkirk.ca\/programs\/ksa\/jewel\/\" target=\"_blank\" rel=\"noopener\">Jewellery\/Small Object Design<\/a>, <a href=\"http:\/\/selkirk.ca\/programs\/ksa\/metal\/\" target=\"_blank\" rel=\"noopener\">Metal,\u00a0<\/a><a href=\"http:\/\/selkirk.ca\/programs\/trades\/finewoodworking\/\" target=\"_blank\" rel=\"noopener\">Woodworking<\/a><\/li>\n<li>Langara College |\u00a0<a href=\"http:\/\/www.langara.bc.ca\/programs-and-courses\/programs\/fine-arts\/index.html\" target=\"_blank\" rel=\"noopener\">Fine Arts Diploma (Ceramics)<\/a><\/li>\n<li>Vancouver Community College | Diplomas in <a href=\"http:\/\/www.vcc.ca\/programscourses\/program-areas\/design\/jewellery-art-and-design\/\" target=\"_blank\" rel=\"noopener\">Jewellery Art &amp; Design<\/a>, <a href=\"http:\/\/www.vcc.ca\/programscourses\/program-areas\/program-highlights\/fashion\/\" target=\"_blank\" rel=\"noopener\">Fashion Arts<\/a><\/li>\n<li>Vancouver Metal Art School |\u00a0<a href=\"http:\/\/www.vancouvermetalartschool.ca\/index.html\" target=\"_blank\" rel=\"noopener\">Jewellery Art and Design<\/a><\/li>\n<\/ul>\n<p><em>Pour consulter un r\u00e9pertoire des possibilit\u00e9s de formation en Colombie-Britannique, y compris des cours d&rsquo;\u00e9t\u00e9, des cours particuliers ou des \u00e9tudes \u00e0 temps partiel, rendez-vous sur le site Web du <a href=\"http:\/\/www.craftcouncilbc.ca\/final2\/Education.htm\" target=\"_blank\" rel=\"noopener\">Craft Council of British Columbia.<\/a><\/em><\/p>\n<h4>\u00a0<\/h4>\n<h4>ALBERTA<\/h4>\n<ul>\n<li>Alberta University of the Arts &#8211; Bachelor &amp; Masters of Fine Arts |\u00a0<a href=\"https:\/\/acad.ca\/degrees-programs\/ceramics\" target=\"_blank\" rel=\"noopener\">Ceramics<\/a>, <a href=\"https:\/\/www.auarts.ca\/learn-with-us\/program-areas\/jewellery-and-metals\" target=\"_blank\" rel=\"noopener\">Jewellery + Metals<\/a>, <a href=\"https:\/\/acad.ca\/degrees-programs\/glass\" target=\"_blank\" rel=\"noopener\">Glass<\/a>, and <a href=\"https:\/\/acad.ca\/degrees-programs\/fibre\" target=\"_blank\" rel=\"noopener\">Fibre<\/a><\/li>\n<li>Red Deer College |\u00a0<a href=\"https:\/\/rdc.ab.ca\/continuing-education\/summer-rdc\/series-summer-arts-school\" target=\"_blank\" rel=\"noopener\">Series Summer School<\/a>\u00a0|Ceramics, Wood, Glass, Metal, Fibre<\/li>\n<li>Northern Alberta Institute of Technology |\u00a0<a href=\"http:\/\/www.nait.ca\/program_home_81925.htm\" target=\"_blank\" rel=\"noopener\">Woodworking<\/a>, <a href=\"http:\/\/www.nait.ca\/program_home_81499.htm\" target=\"_blank\" rel=\"noopener\">Blacksmithing<\/a><\/li>\n<li>Portage College | <a title=\"\" href=\"https:\/\/www.portagecollege.ca\/Programs\/Arts\" target=\"_blank\" rel=\"noopener\">Unlock Your Creative Potential<\/a><\/li>\n<\/ul>\n<p><em>Pour consulter un r\u00e9pertoire des possibilit\u00e9s de formation en Alberta, y compris des cours d&rsquo;\u00e9t\u00e9, des cours particuliers ou des \u00e9tudes \u00e0 temps partiel, rendez-vous sur le site Web du <a href=\"http:\/\/www.albertacraft.ab.ca\/craft-links-resources\/#C3\" target=\"_blank\" rel=\"noopener\">Alberta Craft Council<\/a>.<br \/><\/em><\/p>\n<h4>\u00a0<\/h4>\n<h4>SASKATCHEWAN<\/h4>\n<ul>\n<li>University of Saskatchewan |\u00a0<a href=\"https:\/\/ccde.usask.ca\/uscad\/uscad\" target=\"_blank\" rel=\"noopener\">Electives<\/a> in Jewellery, Fibre Art, Glass, Printmaking, etc.<\/li>\n<li>University of Saskatchewan |\u00a0<a href=\"http:\/\/artsandscience.usask.ca\/art\/studio\/printmaking.php\" target=\"_blank\" rel=\"noopener\">Printmaking<\/a><\/li>\n<li>University of Regina |\u00a0<a href=\"http:\/\/www.uregina.ca\/futurestudents\/programs\/degree-programs\/visual-arts.html\" target=\"_blank\" rel=\"noopener\">Bachelor of Fine Arts<\/a> and <a href=\"http:\/\/www.uregina.ca\/gradstudies\/programs\/visual-arts.html\" target=\"_blank\" rel=\"noopener\">Masters of Fine Arts<\/a>\u00a0| sculpture, ceramics and printmaking)<\/li>\n<li>Timeless Instruments School of Luthiery |\u00a0<a href=\"http:\/\/www.timelessinstruments.com\/classes.html\" target=\"_blank\" rel=\"noopener\">Luthier programs<\/a><\/li>\n<\/ul>\n<h4>\u00a0<\/h4>\n<h4>MANITOBA<\/h4>\n<ul>\n<li>University of Manitoba |\u00a0<a href=\"http:\/\/umanitoba.ca\/schools\/art\/undergrad\/art_studios.html#Ceramics\" target=\"_blank\" rel=\"noopener\">Ceramics<\/a><\/li>\n<\/ul>\n<h4>\u00a0<\/h4>\n<h4>ONTARIO<\/h4>\n<ul>\n<li>Georgian College |\u00a0<a href=\"http:\/\/www.georgiancollege.ca\/academics\/full-time-programs\/jewellery-and-metals-jmet\" target=\"_blank\" rel=\"noopener\">Jewellery &amp; Metals<\/a>, <a href=\"http:\/\/www.georgiancollege.ca\/academics\/full-time-programs\/goldsmithing-and-silversmithing-glds\" target=\"_blank\" rel=\"noopener\">Goldsmithing &amp; Silversmithing<\/a><\/li>\n<li>OCAD University | Bachelor of Design or Bachelor of Fine Arts\u00a0in\u00a0<a href=\"https:\/\/www.ocadu.ca\/academics\/undergraduate-studies\/material-art-and-design\">Material Art &amp; Design<\/a>\u00a0(Jewellery\/Metalsmithing,\u00a0Textiles,\u00a0Ceramics) &amp; Master of Design\/Master of Fine Arts\/Master of Design\u00a0in <a href=\"https:\/\/www.ocadu.ca\/academics\/graduate-studies\/art-media-design-masters.htm\">Interdisciplinary Master&rsquo;s in\u00a0Art, Media and Design<\/a> (IAMD)<\/li>\n<li>\u00a0Sheridan College |\u00a0<a href=\"https:\/\/www.sheridancollege.ca\/academics\/programs-and-courses\/bachelor-of-craft-and-design.aspx\" target=\"_blank\" rel=\"noopener\">Bachelor of Craft &amp; Design<\/a> (Textiles, Ceramics, Furniture, Glass)<\/li>\n<li>George Brown College, Centre for Arts &amp; Design |\u00a0<a href=\"http:\/\/www.georgebrown.ca\/fashionstudies\/programs\/fashion\/\" target=\"_blank\" rel=\"noopener\">Fashion<\/a>, <a href=\"http:\/\/www.georgebrown.ca\/fashionstudies\/programs\/jewellery\/\" target=\"_blank\" rel=\"noopener\">Jewellery<\/a><\/li>\n<li>Seneca College |\u00a0<a href=\"http:\/\/www.senecacollege.ca\/program\/fashion-and-esthetics.html\" target=\"_blank\" rel=\"noopener\">Fashion Arts Diploma Program<\/a><\/li>\n<li>Ryerson University |\u00a0<a href=\"http:\/\/fashion.ryerson.ca\/\" target=\"_blank\" rel=\"noopener\">Bachelor of Design<\/a> and <a href=\"http:\/\/mafashion.ryerson.ca\/\" target=\"_blank\" rel=\"noopener\">Master of Arts<\/a> in Fashion<\/li>\n<li>Fleming College: <a href=\"http:\/\/flemingcollege.ca\/school\/haliburton-school-of-the-arts\" target=\"_blank\" rel=\"noopener\">Haliburton School of the Arts<\/a>\u00a0| Blacksmithing, ceramics, jewellery, glassblowing, textiles<\/li>\n<\/ul>\n<h4>\u00a0<\/h4>\n<h4>QU\u00c9BEC<\/h4>\n<ul>\n<li>Institut des m\u00e9tiers d&rsquo;art : C\u00e9gep du Vieux-Montr\u00e9al |\u00a0<a href=\"http:\/\/www.cvm.qc.ca\/formationreg\/programmes\/ceramique\/Pages\/index.aspx\" target=\"_blank\" rel=\"noopener\">C\u00e9ramique<\/a>, <a href=\"http:\/\/www.cvm.qc.ca\/formationreg\/programmes\/constructiontextile\/Pages\/index.aspx\" target=\"_blank\" rel=\"noopener\">Construction Textile<\/a> &amp; <a href=\"http:\/\/www.cvm.qc.ca\/formationreg\/programmes\/impressionTextile\/Pages\/index.aspx\" target=\"_blank\" rel=\"noopener\">Impression Textile<\/a>, <a href=\"http:\/\/www.cvm.qc.ca\/formationreg\/programmes\/ebenisterie\/Pages\/index.aspx\" target=\"_blank\" rel=\"noopener\">\u00c9b\u00e9nsterie artisanale<\/a>, <a href=\"http:\/\/www.cvm.qc.ca\/formationreg\/programmes\/joaillerie\/Pages\/index.aspx\" target=\"_blank\" rel=\"noopener\">Joillerie<\/a>, <a href=\"http:\/\/www.cvm.qc.ca\/formationreg\/programmes\/lutherieGuitare\/Pages\/index.aspx\" target=\"_blank\" rel=\"noopener\">Lutherie-guitare<\/a>, <a href=\"http:\/\/www.cvm.qc.ca\/formationreg\/programmes\/maroquinerie\/Pages\/index.aspx\" target=\"_blank\" rel=\"noopener\">Maroquinerie<\/a>, et <a href=\"http:\/\/www.cvm.qc.ca\/formationreg\/programmes\/verre\/Pages\/index.aspx\" target=\"_blank\" rel=\"noopener\">Verre<\/a><\/li>\n<li>Centre de formation et de consultation en m\u00e9tiers d&rsquo;art :C\u00e9gep de Limoilou |\u00a0<a href=\"http:\/\/www.metierdart.com\/ceramique.htm\" target=\"_blank\" rel=\"noopener\">C\u00e9ramique<\/a>, <a href=\"http:\/\/www.metierdart.com\/textile.htm\" target=\"_blank\" rel=\"noopener\">Construction Textile<\/a>, <a href=\"http:\/\/www.metierdart.com\/ebenisterie.htm\" target=\"_blank\" rel=\"noopener\">\u00c9b\u00e9nsterie artisanale<\/a>, <a href=\"http:\/\/www.metierdart.com\/joaillerie.htm\" target=\"_blank\" rel=\"noopener\">Joillerie<\/a>, et <a href=\"http:\/\/www.metierdart.com\/lutherie.htm\" target=\"_blank\" rel=\"noopener\">Lutherie<\/a><\/li>\n<li>Concordia University | Bachelor of Art in <a href=\"http:\/\/studio-arts.concordia.ca\/undergraduate-programs\/ceramics\/index.php\" target=\"_blank\" rel=\"noopener\">Ceramics<\/a> and <a href=\"http:\/\/studio-arts.concordia.ca\/undergraduate-programs\/fibres\/index.php\" target=\"_blank\" rel=\"noopener\">Fibre<\/a><\/li>\n<li>Espace Verre |\u00a0<a href=\"http:\/\/www.espaceverre.qc.ca\/\" target=\"_blank\" rel=\"noopener\">Glass<\/a><\/li>\n<li>\u00c9cole de joillaire |\u00a0<a href=\"http:\/\/www.ecoledejoaillerie.ca\/\" target=\"_blank\" rel=\"noopener\">Jewellery<\/a><\/li>\n<li>Centre de design et impression textile de Montr\u00e9al |\u00a0<a href=\"http:\/\/designtextile.qc.ca\/\" target=\"_blank\" rel=\"noopener\">Textiles<\/a><\/li>\n<li>Centre des textiles contemporains de Montr\u00e9al | Diploma &amp; Workshops in <a href=\"http:\/\/www.textiles-mtl.com\/\" target=\"_blank\" rel=\"noopener\">Textiles<\/a><\/li>\n<\/ul>\n<p><em>\u00a0<\/em><\/p>\n<h4>NOUVEAU-BRUNSWICK<\/h4>\n<ul>\n<li>New Brunswick College of Craft and Design | Diplomas in <a href=\"http:\/\/www.nbccd.ca\/en\/home\/programs\/diplomas\/aboriginalvisualarts\/default.aspx\" target=\"_blank\" rel=\"noopener\">Aboriginal Visual Arts<\/a>, <a href=\"http:\/\/www.nbccd.ca\/en\/home\/programs\/diplomas\/finecraftceramics\/default.aspx\" target=\"_blank\" rel=\"noopener\">Ceramics<\/a>,\u00a0<a href=\"http:\/\/www.nbccd.ca\/en\/home\/programs\/diplomas\/fashiondesign\/default.aspx\" target=\"_blank\" rel=\"noopener\">Fashion Design<\/a>, <a href=\"http:\/\/www.nbccd.ca\/en\/home\/programs\/diplomas\/jewelleryandmetalatrs\/default.aspx\" target=\"_blank\" rel=\"noopener\">Jewellery\/Metal Arts<\/a>, and <a href=\"http:\/\/www.nbccd.ca\/en\/home\/programs\/diplomas\/fashiontextiledesign\/default.aspx\" target=\"_blank\" rel=\"noopener\">Textile Design<\/a><strong><br \/><\/strong><\/li>\n<\/ul>\n<h4>\u00a0<\/h4>\n<h4>NOUVELLE \u00c9COSSE<\/h4>\n<ul>\n<li>Nova Scotia College of Art &amp; Design University | Bachelor of Fine Arts in <a href=\"http:\/\/nscad.ca\/en\/home\/academicprograms\/craft\/programs.aspx\" target=\"_blank\" rel=\"noopener\">Ceramics<\/a>, <a href=\"http:\/\/nscad.ca\/en\/home\/academicprograms\/craft\/courses\/jewellerydesignmetalsmithing\/default.aspx\" target=\"_blank\" rel=\"noopener\">Jewellery Design &amp; Metalsmithing<\/a>, <a href=\"http:\/\/nscad.ca\/en\/home\/academicprograms\/craft\/courses\/textilesfashion\/default.aspx\" target=\"_blank\" rel=\"noopener\">Textiles &amp; Fashion<\/a><\/li>\n<li>The Cape Breton Centre for Craft &amp; Design |\u00a0<a href=\"http:\/\/www.capebretoncraft.com\/courses-workshops\" target=\"_blank\" rel=\"noopener\">Workshops<\/a>\u00a0| Clay, Jewellery, Textiles<\/li>\n<li>Nova Scotia Centre for Craft &amp; Design |\u00a0<a href=\"http:\/\/www.craft-design.ns.ca\/courses\/course-list\" target=\"_blank\" rel=\"noopener\">Workshops<\/a>\u00a0| Glass, Clay, Wood, Textiles, Jewellery<\/li>\n<\/ul>\n<h4>\u00a0<\/h4>\n<h4>TERRE-NEUVE-ET-LABRADOR<\/h4>\n<ul>\n<li>College of the North Atlantic |\u00a0<a href=\"http:\/\/www.cna.nl.ca\/programs-courses\/Show-Program-Details.aspx?program=16\" target=\"_blank\" rel=\"noopener\">Textiles: Craft &amp; Apparel Design<\/a><\/li>\n<li>Craft Council of Newfoundland &amp; Labrador |\u00a0<a href=\"http:\/\/www.craftcouncil.nl.ca\/clay-studio\/\" target=\"_blank\" rel=\"noopener\">Clay Studio Courses<\/a><\/li>\n<\/ul>\n<h4>\u00a0<\/h4>\n<h4>NUNAVUT<\/h4>\n<ul>\n<li>Nunavut Arctic College |\u00a0<a href=\"http:\/\/arcticcollege.ca\/en\/arts-programs\/item\/4903-fur-design-and-production\" target=\"_blank\" rel=\"noopener\">Fur Design &amp; Production<\/a>,\u00a0<a href=\"http:\/\/arcticcollege.ca\/en\/arts-programs\/item\/4904-jewellery-and-metalwork\" target=\"_blank\" rel=\"noopener\">Jewellery &amp; Metalwork<\/a>, <a href=\"http:\/\/arcticcollege.ca\/en\/arts-programs\/item\/5143-goldsmith-program\" target=\"_blank\" rel=\"noopener\">Goldsmithing<\/a><strong><br \/><\/strong><\/li>\n<\/ul>\n<h4>\u00a0<\/h4>\n<h4>TERRITOIRES DU NORD-OUEST<\/h4>\n<ul>\n<li>Aurora College |\u00a0<a href=\"http:\/\/www.auroracollege.nt.ca\/_live\/pages\/wpPages\/ProgramInfoDisplay.aspx?id=104&amp;tp=PRG\" target=\"_blank\" rel=\"noopener\">Traditional Arts Certificate<\/a><\/li>\n<\/ul>\n<p><em>\u00a0<\/em><\/p>\n<h4>YUKON<\/h4>\n<ul>\n<li>Arts Underground |\u00a0<a href=\"http:\/\/artsunderground.ca\/index.php\/workshops\/current-workshops\" target=\"_blank\" rel=\"noopener\">Workshops<\/a> in Textiles, Clay and Glass.<\/li>\n<\/ul>\n<\/div>\n<\/div>\n<\/div>","protected":false},"excerpt":{"rendered":"<p>Approfondissez vos connaissances gr\u00e2ce \u00e0 nos ressources \u00e9ducatives compl\u00e8tes consacr\u00e9es aux m\u00e9tiers d\u2019art canadiens. Vous pourrez y explorer une vari\u00e9t\u00e9 de programmes d\u2019\u00e9tudes sup\u00e9rieures vou\u00e9s aux arts, y compris des&#8230;<\/p>\n","protected":false},"author":1,"featured_media":4341,"parent":455,"menu_order":1,"comment_status":"closed","ping_status":"closed","template":"template-content-page.php","meta":{"_acf_changed":false,"_coblocks_attr":"","_coblocks_dimensions":"","_coblocks_responsive_height":"","_coblocks_accordion_ie_support":"","_monsterinsights_skip_tracking":false,"_monsterinsights_sitenote_active":false,"_monsterinsights_sitenote_note":"","_monsterinsights_sitenote_category":0,"footnotes":""},"class_list":["post-451","page","type-page","status-publish","has-post-thumbnail","hentry"],"acf":[],"aioseo_notices":[],"_links":{"self":[{"href":"https:\/\/canadiancraftsfederation.ca\/fr\/wp-json\/wp\/v2\/pages\/451","targetHints":{"allow":["GET"]}}],"collection":[{"href":"https:\/\/canadiancraftsfederation.ca\/fr\/wp-json\/wp\/v2\/pages"}],"about":[{"href":"https:\/\/canadiancraftsfederation.ca\/fr\/wp-json\/wp\/v2\/types\/page"}],"author":[{"embeddable":true,"href":"https:\/\/canadiancraftsfederation.ca\/fr\/wp-json\/wp\/v2\/users\/1"}],"replies":[{"embeddable":true,"href":"https:\/\/canadiancraftsfederation.ca\/fr\/wp-json\/wp\/v2\/comments?post=451"}],"version-history":[{"count":13,"href":"https:\/\/canadiancraftsfederation.ca\/fr\/wp-json\/wp\/v2\/pages\/451\/revisions"}],"predecessor-version":[{"id":10097,"href":"https:\/\/canadiancraftsfederation.ca\/fr\/wp-json\/wp\/v2\/pages\/451\/revisions\/10097"}],"up":[{"embeddable":true,"href":"https:\/\/canadiancraftsfederation.ca\/fr\/wp-json\/wp\/v2\/pages\/455"}],"wp:featuredmedia":[{"embeddable":true,"href":"https:\/\/canadiancraftsfederation.ca\/fr\/wp-json\/wp\/v2\/media\/4341"}],"wp:attachment":[{"href":"https:\/\/canadiancraftsfederation.ca\/fr\/wp-json\/wp\/v2\/media?parent=451"}],"curies":[{"name":"wp","href":"https:\/\/api.w.org\/{rel}","templated":true}]}}