{"id":449,"date":"2015-09-14T22:24:36","date_gmt":"2015-09-15T02:24:36","guid":{"rendered":"https:\/\/canadiancraftsfederation.ca\/fr\/?page_id=449"},"modified":"2024-08-08T12:41:06","modified_gmt":"2024-08-08T15:41:06","slug":"etudes-sur-les-metiers-dart","status":"publish","type":"page","link":"https:\/\/canadiancraftsfederation.ca\/fr\/ressources\/etudes-sur-les-metiers-dart\/","title":{"rendered":"Ressources"},"content":{"rendered":"\n<div style=\"height:44px\" aria-hidden=\"true\" class=\"wp-block-spacer\"><\/div>\n\n\n\n<p>D\u00e9couvrez une mine de ressources destin\u00e9es aux artistes, aux organismes de conservation artistique et au milieu de l\u2019\u00e9ducation. Que vous soyez \u00e0 la recherche de nouvelles sources de financement, de perfectionnement professionnel ou de renseignements sur les pratiques et l\u2019histoire des m\u00e9tiers d\u2019art, vous trouverez ici tout le soutien n\u00e9cessaire pour d\u00e9velopper une pratique professionnelle des m\u00e9tiers d\u2019art et pour c\u00e9l\u00e9brer la richesse et la diversit\u00e9 des m\u00e9tiers d\u2019art du Canada.<\/p>\n\n\n\n<div style=\"height:44px\" aria-hidden=\"true\" class=\"wp-block-spacer\"><\/div>\n\n\n\n<div class=\"wp-block-columns is-layout-flex wp-container-core-columns-is-layout-9d6595d7 wp-block-columns-is-layout-flex\">\n<div class=\"wp-block-column is-layout-flow wp-block-column-is-layout-flow\" style=\"flex-basis:33.33%\">\n<figure class=\"wp-block-image size-full is-resized has-lightbox\"><a href=\"https:\/\/criticaldigitalmethods.ca\/artifex\/\"><img loading=\"lazy\" decoding=\"async\" width=\"641\" height=\"463\" src=\"https:\/\/canadiancraftsfederation.ca\/wp-content\/uploads\/2024\/08\/Screen-Shot-2024-08-08-at-11.29.49-AM-4.png\" alt=\"\" class=\"wp-image-10114\" style=\"width:137px;height:auto\" srcset=\"https:\/\/canadiancraftsfederation.ca\/wp-content\/uploads\/2024\/08\/Screen-Shot-2024-08-08-at-11.29.49-AM-4.png 641w, https:\/\/canadiancraftsfederation.ca\/wp-content\/uploads\/2024\/08\/Screen-Shot-2024-08-08-at-11.29.49-AM-4-300x217.png 300w\" sizes=\"auto, (max-width: 641px) 100vw, 641px\" \/><\/a><\/figure>\n<\/div>\n\n\n\n<div class=\"wp-block-column is-layout-flow wp-block-column-is-layout-flow\" style=\"flex-basis:66.66%\">\n<p><a href=\"https:\/\/criticaldigitalmethods.ca\/artifex\/\" target=\"_blank\" rel=\"noopener\" title=\"Artifex\">Artifex<\/a>\u00a0: Cette base de donn\u00e9es, qui rassemble une foule de ressources libres d\u2019acc\u00e8s, a \u00e9t\u00e9 cr\u00e9\u00e9e en 2019-2020 gr\u00e2ce \u00e0 un partenariat entre Mass Culture et la Creative Hubs and Networks Database de l\u2019Universit\u00e9 de Toronto Scarborough (UTSC), avec le soutien du Critical Digital Methods Institute (CDMI). Elle permet le partage et la diffusion de connaissances ou de liens de recherche, ce qui en fait une ressource cl\u00e9 pour toute personne travaillant dans le secteur des arts et de la culture au Canada ou s\u2019y int\u00e9ressant. Artifex joue un r\u00f4le majeur dans plusieurs milieux comme la politique, la cr\u00e9ation artistique, la recherche et l\u2019\u00e9ducation postsecondaire, en plus d\u2019\u00eatre utilis\u00e9e par les bailleurs de fonds et le grand public<\/p>\n<\/div>\n<\/div>\n\n\n\n<div style=\"height:100px\" aria-hidden=\"true\" class=\"wp-block-spacer\"><\/div>\n\n\n\n<div class=\"wp-block-columns is-layout-flex wp-container-core-columns-is-layout-9d6595d7 wp-block-columns-is-layout-flex\">\n<div class=\"wp-block-column is-layout-flow wp-block-column-is-layout-flow\" style=\"flex-basis:33.33%\">\n<figure class=\"wp-block-image size-full\"><a href=\"https:\/\/canadiancraftsfederation.ca\/wp-content\/uploads\/2015\/09\/CARFAC-logo.jpg\"><img loading=\"lazy\" decoding=\"async\" width=\"100\" height=\"100\" src=\"https:\/\/canadiancraftsfederation.ca\/wp-content\/uploads\/2015\/09\/CARFAC-logo.jpg\" alt=\"\" class=\"wp-image-130\" srcset=\"https:\/\/canadiancraftsfederation.ca\/wp-content\/uploads\/2015\/09\/CARFAC-logo.jpg 100w, https:\/\/canadiancraftsfederation.ca\/wp-content\/uploads\/2015\/09\/CARFAC-logo-45x45.jpg 45w\" sizes=\"auto, (max-width: 100px) 100vw, 100px\" \/><\/a><\/figure>\n<\/div>\n\n\n\n<div class=\"wp-block-column is-layout-flow wp-block-column-is-layout-flow\" style=\"flex-basis:66.66%\">\n<p>Le <a href=\"https:\/\/www.carfac.ca\/fr\/\" target=\"_blank\" rel=\"noreferrer noopener\">CARFAC<\/a>&nbsp;(Canadian Artists\u2019 Representation\/Le Front des artistes canadiens) est un organisme \u00e0 but non lucratif national qui se d\u00e9voue \u00e0 la d\u00e9fense des droits \u00e9conomiques et juridiques des artistes canadiens. Il dirige \u00e9galement la recherche et fait la promotion de l\u2019art canadien. Des bar\u00e8mes d\u2019honoraires, de l\u2019information relative aux droits d\u2019auteur, ainsi que d\u2019autres pr\u00e9cieux renseignements peuvent \u00eatre obtenus sur leur site Web ou par l\u2019entremise d\u2019un repr\u00e9sentant provincial.<\/p>\n<\/div>\n<\/div>\n\n\n\n<div style=\"height:100px\" aria-hidden=\"true\" class=\"wp-block-spacer\"><\/div>\n\n\n\n<div class=\"wp-block-group\"><div class=\"wp-block-group__inner-container is-layout-constrained wp-block-group-is-layout-constrained\">\n<div class=\"wp-block-columns is-layout-flex wp-container-core-columns-is-layout-9d6595d7 wp-block-columns-is-layout-flex\">\n<div class=\"wp-block-column is-layout-flow wp-block-column-is-layout-flow\" style=\"flex-basis:33.33%\">\n<figure class=\"wp-block-image size-full\"><a href=\"https:\/\/www.cova-daav.ca\/fr\/\" target=\"_blank\" rel=\"noreferrer noopener\"><img loading=\"lazy\" decoding=\"async\" width=\"564\" height=\"110\" src=\"https:\/\/canadiancraftsfederation.ca\/wp-content\/uploads\/2023\/02\/COVADAAV.png\" alt=\"\" class=\"wp-image-8315\" srcset=\"https:\/\/canadiancraftsfederation.ca\/wp-content\/uploads\/2023\/02\/COVADAAV.png 564w, https:\/\/canadiancraftsfederation.ca\/wp-content\/uploads\/2023\/02\/COVADAAV-300x59.png 300w\" sizes=\"auto, (max-width: 564px) 100vw, 564px\" \/><\/a><\/figure>\n<\/div>\n\n\n\n<div class=\"wp-block-column is-layout-flow wp-block-column-is-layout-flow\" style=\"flex-basis:66.66%\">\n<p><a href=\"https:\/\/www.cova-daav.ca\/fr\/\" target=\"_blank\" rel=\"noreferrer noopener\">Droits d\u2019auteur Arts visuels<\/a> est une soci\u00e9t\u00e9 de gestion sans but lucratif qui fournit des services aux artistes professionnels canadiens et qu\u00e9b\u00e9cois des arts visuels et m\u00e9diatiques.<\/p>\n<\/div>\n<\/div>\n<\/div><\/div>\n\n\n\n<div style=\"height:100px\" aria-hidden=\"true\" class=\"wp-block-spacer\"><\/div>\n\n\n\n<div class=\"wp-block-columns is-layout-flex wp-container-core-columns-is-layout-9d6595d7 wp-block-columns-is-layout-flex\">\n<div class=\"wp-block-column is-layout-flow wp-block-column-is-layout-flow\" style=\"flex-basis:33.33%\">\n<figure class=\"wp-block-image size-full is-resized\"><a href=\"https:\/\/cpamo.org\/\" target=\"_blank\" rel=\"noopener\"><img loading=\"lazy\" decoding=\"async\" width=\"240\" height=\"239\" src=\"https:\/\/canadiancraftsfederation.ca\/wp-content\/uploads\/2022\/01\/cpamo.jpeg\" alt=\"\" class=\"wp-image-7057\" style=\"width:124px;height:123px\" srcset=\"https:\/\/canadiancraftsfederation.ca\/wp-content\/uploads\/2022\/01\/cpamo.jpeg 240w, https:\/\/canadiancraftsfederation.ca\/wp-content\/uploads\/2022\/01\/cpamo-150x150.jpeg 150w, https:\/\/canadiancraftsfederation.ca\/wp-content\/uploads\/2022\/01\/cpamo-45x45.jpeg 45w\" sizes=\"auto, (max-width: 240px) 100vw, 240px\" \/><\/a><\/figure>\n<\/div>\n\n\n\n<div class=\"wp-block-column is-layout-flow wp-block-column-is-layout-flow\" style=\"flex-basis:66.66%\">\n<p><a href=\"https:\/\/cpamo.org\/\" target=\"_blank\" rel=\"noreferrer noopener\">Le (CPAMO)<\/a> mouvement pour le pluralisme culturel dans les arts en Ontario est un mouvement d\u2019artistes autochtones et racialis\u00e9s qui vise \u00e0 habiliter les communaut\u00e9s artistiques en Ontario. Le CPAMO souhaite ouvrir des portes pour les professionnels et les organismes autochtones et racialis\u00e9s afin de renforcer les capacit\u00e9s en donnant acc\u00e8s \u00e0 des \u00e9tablissements culturels partout en Ontario, et en \u00e9tablissant des relations de travail avec eux, pour mener \u00e0 des relations constructives avec les professionnels et les organismes autochtones et racialis\u00e9s.<\/p>\n<\/div>\n<\/div>\n\n\n\n<div style=\"height:100px\" aria-hidden=\"true\" class=\"wp-block-spacer\"><\/div>\n\n\n\n<div class=\"wp-block-columns is-layout-flex wp-container-core-columns-is-layout-9d6595d7 wp-block-columns-is-layout-flex\">\n<div class=\"wp-block-column is-layout-flow wp-block-column-is-layout-flow\" style=\"flex-basis:33.33%\">\n<figure class=\"wp-block-image size-full\"><a href=\"https:\/\/canadiancraftsfederation.ca\/wp-content\/uploads\/2015\/09\/CHRC-logo.jpg\"><img loading=\"lazy\" decoding=\"async\" width=\"197\" height=\"102\" src=\"https:\/\/canadiancraftsfederation.ca\/wp-content\/uploads\/2015\/09\/CHRC-logo.jpg\" alt=\"\" class=\"wp-image-131\"\/><\/a><\/figure>\n<\/div>\n\n\n\n<div class=\"wp-block-column is-layout-flow wp-block-column-is-layout-flow\" style=\"flex-basis:66.66%\">\n<p><a href=\"http:\/\/www.culturalhrc.ca\/index-f.php\">Le Conseil des ressources humaines du secteur culturel<\/a>&nbsp;(CRHSC)pr\u00e9sent de multiples \u00e9tudes portant sur les emplois et les carri\u00e8res dans le secteur culturel au Canada.<\/p>\n\n\n\n<p>Le CRHSC fournit \u00e9galement amplement de renseignements dans les deux langues officielles sur les possibilit\u00e9s d\u2019emploi dans le secteur culturel, y compris le secteur des m\u00e9tiers d\u2019art. Il vous permet notamment d\u2019en apprendre plus longuement sur les exigences du travail dans l\u2019un quelconque secteur du domaine culturel, de parcourir&nbsp;<a href=\"http:\/\/www.culturalhrc.ca\/YIP\/index-f.php\">les programmes de stages<\/a>&nbsp;et&nbsp;<a href=\"http:\/\/www.cultureworks.ca\/fr\">les possibilit\u00e9s d\u2019emploi<\/a>&nbsp;et de passer en revue les documents de recherche.&nbsp;<a href=\"http:\/\/www.culturalhrc.ca\/amyc\/index-f.php\">L\u2019Art de g\u00e9rer sa carri\u00e8re<\/a>, un guide-ressource portant sur les carri\u00e8res de tous les domaines du secteur culturel, est particuli\u00e8rement int\u00e9ressant. Il comprend des renseignements d\u00e9taill\u00e9s sur l\u2019ensemble du secteur de l\u2019artisanat, et ce, en fran\u00e7ais et en anglais.<\/p>\n<\/div>\n<\/div>\n\n\n\n<div style=\"height:100px\" aria-hidden=\"true\" class=\"wp-block-spacer\"><\/div>\n\n\n\n<div class=\"wp-block-columns is-layout-flex wp-container-core-columns-is-layout-9d6595d7 wp-block-columns-is-layout-flex\">\n<div class=\"wp-block-column is-layout-flow wp-block-column-is-layout-flow\" style=\"flex-basis:33.33%\">\n<figure class=\"wp-block-image size-full\"><a href=\"https:\/\/canadiancraftsfederation.ca\/wp-content\/uploads\/2015\/09\/cerf_logo_type.png\"><img loading=\"lazy\" decoding=\"async\" width=\"179\" height=\"69\" src=\"https:\/\/canadiancraftsfederation.ca\/wp-content\/uploads\/2015\/09\/cerf_logo_type.png\" alt=\"\" class=\"wp-image-1674\"\/><\/a><\/figure>\n<\/div>\n\n\n\n<div class=\"wp-block-column is-layout-flow wp-block-column-is-layout-flow\" style=\"flex-basis:66.66%\">\n<p><a href=\"http:\/\/craftemergency.org\/\">LeCERF<\/a>+ (fonds de secours d\u2019urgence pour l\u2019artisanat et les ressources d\u2019urgence pour artisans) est une ressource destin\u00e9e aux artisans qui d\u00e9sirent s\u2019informer sur comment se pr\u00e9parer et r\u00e9pondre aux situations d\u2019urgence. Leur site Web contient de l\u2019information sur comment se prot\u00e9ger, sur la planification antisinistre, le nettoyage, la r\u00e9cup\u00e9ration et la r\u00e9cup\u00e9ration \u00e9lectronique. Cette information est accessible gratuitement en ligne pour les Canadiens.<\/p>\n<\/div>\n<\/div>\n\n\n\n<div style=\"height:100px\" aria-hidden=\"true\" class=\"wp-block-spacer\"><\/div>\n\n\n\n<div class=\"wp-block-columns is-layout-flex wp-container-core-columns-is-layout-9d6595d7 wp-block-columns-is-layout-flex\">\n<div class=\"wp-block-column is-layout-flow wp-block-column-is-layout-flow\" style=\"flex-basis:33.33%\">\n<figure class=\"wp-block-image size-full is-resized\"><a href=\"https:\/\/canadiancraftsfederation.ca\/wp-content\/uploads\/2022\/01\/ICCA.png\" target=\"_blank\" rel=\"noopener\"><img loading=\"lazy\" decoding=\"async\" width=\"256\" height=\"536\" src=\"https:\/\/canadiancraftsfederation.ca\/wp-content\/uploads\/2022\/01\/ICCA.png\" alt=\"\" class=\"wp-image-7052\" style=\"width:71px;height:149px\" srcset=\"https:\/\/canadiancraftsfederation.ca\/wp-content\/uploads\/2022\/01\/ICCA.png 256w, https:\/\/canadiancraftsfederation.ca\/wp-content\/uploads\/2022\/01\/ICCA-143x300.png 143w\" sizes=\"auto, (max-width: 256px) 100vw, 256px\" \/><\/a><\/figure>\n<\/div>\n\n\n\n<div class=\"wp-block-column is-layout-flow wp-block-column-is-layout-flow\" style=\"flex-basis:66.66%\">\n<p>Au <a href=\"https:\/\/icca.art\/\" target=\"_blank\" rel=\"noreferrer noopener\">Collectif des commissaires autochtones\/Indigenous Curatorial Collective (ICCA)<\/a>, nous participons au discours critique, accroissons le nombre d\u2019occasions professionnelles pour nos membres, \u00e9laborons de la programmation et, surtout, travaillons pour \u00e9tablir des relations r\u00e9ciproques avec les commissaires, les artistes, les communaut\u00e9s et les \u00e9tablissements autochtones avec lesquels nous collaborons.<\/p>\n<\/div>\n<\/div>\n\n\n\n<div style=\"height:100px\" aria-hidden=\"true\" class=\"wp-block-spacer\"><\/div>\n\n\n\n<div class=\"wp-block-columns is-layout-flex wp-container-core-columns-is-layout-9d6595d7 wp-block-columns-is-layout-flex\">\n<div class=\"wp-block-column is-layout-flow wp-block-column-is-layout-flow\" style=\"flex-basis:33.33%\">\n<figure class=\"wp-block-image size-large is-resized\"><a href=\"https:\/\/www.wccnorth.com\/\" target=\"_blank\" rel=\"noopener\"><img loading=\"lazy\" decoding=\"async\" width=\"1024\" height=\"1024\" src=\"https:\/\/canadiancraftsfederation.ca\/wp-content\/uploads\/2022\/01\/WCCNA-1024x1024.png\" alt=\"\" class=\"wp-image-7048\" style=\"width:142px;height:142px\" srcset=\"https:\/\/canadiancraftsfederation.ca\/wp-content\/uploads\/2022\/01\/WCCNA-1024x1024.png 1024w, https:\/\/canadiancraftsfederation.ca\/wp-content\/uploads\/2022\/01\/WCCNA-300x300.png 300w, https:\/\/canadiancraftsfederation.ca\/wp-content\/uploads\/2022\/01\/WCCNA-150x150.png 150w, https:\/\/canadiancraftsfederation.ca\/wp-content\/uploads\/2022\/01\/WCCNA-768x768.png 768w, https:\/\/canadiancraftsfederation.ca\/wp-content\/uploads\/2022\/01\/WCCNA-1536x1536.png 1536w, https:\/\/canadiancraftsfederation.ca\/wp-content\/uploads\/2022\/01\/WCCNA-2048x2048.png 2048w, https:\/\/canadiancraftsfederation.ca\/wp-content\/uploads\/2022\/01\/WCCNA-45x45.png 45w\" sizes=\"auto, (max-width: 1024px) 100vw, 1024px\" \/><\/a><\/figure>\n<\/div>\n\n\n\n<div class=\"wp-block-column is-layout-flow wp-block-column-is-layout-flow\" style=\"flex-basis:66.66%\">\n<p><a href=\"https:\/\/www.wccnorth.com\/\" data-type=\"URL\" data-id=\"https:\/\/www.wccnorth.com\/\" target=\"_blank\" rel=\"noreferrer noopener\">La World Craft Council North American Region (WCCNA) (r\u00e9gion de l\u2019Am\u00e9rique du Nord du conseil international des m\u00e9tiers d\u2019art)<\/a> est l\u2019une des cinq r\u00e9gions repr\u00e9sent\u00e9es dans l\u2019organisme <a href=\"https:\/\/www.wccinternational.org\/\" target=\"_blank\" rel=\"noreferrer noopener\">World Craft Council International (WCC).<\/a> Des b\u00e9n\u00e9voles alimentent l\u2019effort du WCCNA pour encourager la formation de liens et b\u00e2tir des r\u00e9seaux entre les m\u00e9tiers d\u2019art de l\u2019Am\u00e9rique du Nord et du reste du monde, et faire en sorte que les m\u00e9tiers d\u2019art de l\u2019Am\u00e9rique du Nord, de l\u2019Am\u00e9rique centrale et des Cara\u00efbes soient connus et appr\u00e9ci\u00e9s comme un reflet de notre culture nord am\u00e9ricaine collective, unique et diversifi\u00e9e.<\/p>\n<\/div>\n<\/div>\n","protected":false},"excerpt":{"rendered":"<p>D\u00e9couvrez une mine de ressources destin\u00e9es aux artistes, aux organismes de conservation artistique et au milieu de l\u2019\u00e9ducation. Que vous soyez \u00e0 la recherche de nouvelles sources de financement, de&#8230;<\/p>\n","protected":false},"author":1,"featured_media":4341,"parent":455,"menu_order":2,"comment_status":"closed","ping_status":"closed","template":"template-content-page.php","meta":{"_acf_changed":false,"_coblocks_attr":"","_coblocks_dimensions":"","_coblocks_responsive_height":"","_coblocks_accordion_ie_support":"","_monsterinsights_skip_tracking":false,"_monsterinsights_sitenote_active":false,"_monsterinsights_sitenote_note":"","_monsterinsights_sitenote_category":0,"footnotes":""},"class_list":["post-449","page","type-page","status-publish","has-post-thumbnail","hentry"],"acf":[],"aioseo_notices":[],"_links":{"self":[{"href":"https:\/\/canadiancraftsfederation.ca\/fr\/wp-json\/wp\/v2\/pages\/449","targetHints":{"allow":["GET"]}}],"collection":[{"href":"https:\/\/canadiancraftsfederation.ca\/fr\/wp-json\/wp\/v2\/pages"}],"about":[{"href":"https:\/\/canadiancraftsfederation.ca\/fr\/wp-json\/wp\/v2\/types\/page"}],"author":[{"embeddable":true,"href":"https:\/\/canadiancraftsfederation.ca\/fr\/wp-json\/wp\/v2\/users\/1"}],"replies":[{"embeddable":true,"href":"https:\/\/canadiancraftsfederation.ca\/fr\/wp-json\/wp\/v2\/comments?post=449"}],"version-history":[{"count":34,"href":"https:\/\/canadiancraftsfederation.ca\/fr\/wp-json\/wp\/v2\/pages\/449\/revisions"}],"predecessor-version":[{"id":10117,"href":"https:\/\/canadiancraftsfederation.ca\/fr\/wp-json\/wp\/v2\/pages\/449\/revisions\/10117"}],"up":[{"embeddable":true,"href":"https:\/\/canadiancraftsfederation.ca\/fr\/wp-json\/wp\/v2\/pages\/455"}],"wp:featuredmedia":[{"embeddable":true,"href":"https:\/\/canadiancraftsfederation.ca\/fr\/wp-json\/wp\/v2\/media\/4341"}],"wp:attachment":[{"href":"https:\/\/canadiancraftsfederation.ca\/fr\/wp-json\/wp\/v2\/media?parent=449"}],"curies":[{"name":"wp","href":"https:\/\/api.w.org\/{rel}","templated":true}]}}