{"id":427,"date":"2015-09-14T17:50:37","date_gmt":"2015-09-14T21:50:37","guid":{"rendered":"https:\/\/canadiancraftsfederation.ca\/fr\/?page_id=427"},"modified":"2022-11-15T15:56:56","modified_gmt":"2022-11-15T19:56:56","slug":"les-membres-honoraires","status":"publish","type":"page","link":"https:\/\/canadiancraftsfederation.ca\/fr\/adhesion\/les-membres-honoraires\/","title":{"rendered":"Les membres honoraires"},"content":{"rendered":"<p>Les membres honoraires sont un groupe de personnes v\u00e9n\u00e9r\u00e9es, nomm\u00e9es par le conseil d\u2019administration afin de reconna\u00eetre leurs importantes contributions au domaine des m\u00e9tiers d\u2019arts contemporains au Canada. Cette cat\u00e9gorie reconna\u00eet notre histoire, puisque la FCMA\/CCF a retenu la liste des membres honoraires de sa pr\u00e9c\u00e9dente incarnation (le Conseil canadien des m\u00e9tiers d\u2019art) et y ajoute de nouveaux noms chaque fois qu\u2019elle pr\u00e9sente son prix national pour le b\u00e9n\u00e9volat dans les m\u00e9tiers d\u2019art,<a href=\"https:\/\/canadiancraftsfederation.ca\/fr\/a-propos\/awards\/\"> le Prix Robert Jekyll<\/a>.<\/p>\n<p>&nbsp;<\/p>\n<h4>FCMA Membres honoraires:<\/h4>\n<p>Robert Jekyll, Ontario<br \/>\nCharles Lewton-Brain, Alberta<br \/>\nJean Johnson, Ontario<br \/>\nMarilyn Stothers, Manitoba<br \/>\nSimon Wroot, Alberta<br \/>\nJane Kenyon, Colombie britannique<br \/>\nDeborah Dumka, Colombie britannique<br \/>\nAnn Roberts, Ontario<\/p>\n<div class=\"gmail_default\">Michael Hosaluk, Saskatchewan<\/div>\n<div class=\"gmail_default\">Charllotte Kwon, Colombie-Britannique<\/div>\n<div class=\"gmail_default\">Anne Manuel, Terre-Neuve-et-Labrador<\/div>\n<div class=\"gmail_default\">Tom McFall, Alberta<\/div>\n<div><\/div>\n<div><\/div>\n<h4>Conseil Canadien des m\u00e9tiers d&rsquo;art &#8211; Membres Honoraires:<\/h4>\n<div>\n<p>Josephine Aresnault<\/p>\n<p>Joan Auld<\/p>\n<p>Micheline Beauchamin<\/p>\n<p>Gaetan Beaudin<\/p>\n<p>Andrea Bronfman<\/p>\n<p>Charles R. Bronfman<\/p>\n<p>Mary Eileen Burnett<\/p>\n<p>Dorothy K. Burnham<\/p>\n<p>Joan M Chalmers<\/p>\n<p>Lea Collins<\/p>\n<p>Leta Cormier<\/p>\n<p>Allan Crimmins<\/p>\n<p>Mr. and Mrs. Davies<\/p>\n<p>Erica Deichman Gregg<\/p>\n<p>Marian DeWitt<\/p>\n<p>Jean Fahrni<\/p>\n<p>Douglas Farndale<\/p>\n<p>Charley Farrero<\/p>\n<p>George Fry<\/p>\n<p>Jacques Garnier<\/p>\n<p>Leo Gervais<\/p>\n<p>Peter Gzowski<\/p>\n<p>Folmer Hansen<\/p>\n<p>Mary Eileen Hogg<\/p>\n<p>Kinya Ishikawa<\/p>\n<p>Jean Johnson<\/p>\n<p>Elizabeth Keeling<\/p>\n<p>Orland Larson<\/p>\n<p>Luke Lindoe<\/p>\n<p>Les Manning<\/p>\n<p>Patricia McClelland<\/p>\n<p>Peggy McLernon<\/p>\n<p>Francis Merrit<\/p>\n<p>Margo Meyer<\/p>\n<p>Ann Mortimer<\/p>\n<p>John Porter<\/p>\n<p>Margery Powell<\/p>\n<p>Margaret Quinn<\/p>\n<p>Garmel Rich<\/p>\n<p>Simone Roy<\/p>\n<p>Dr. J.J.E. Salden<\/p>\n<p>Maurice M. Savoie<\/p>\n<p>Peggy Schofield<\/p>\n<p>Deirdre Spencer<\/p>\n<p>Harold G. Stacey<\/p>\n<p>Marilyn Stothers<\/p>\n<p>Walter Sunahara<\/p>\n<p>Dr. Peter Swann<\/p>\n<p>Judith Tinkl<\/p>\n<p>Jan Waldorf<\/p>\n<p>Jenny Webb<\/p>\n<p>Ron Willoughby<\/p>\n<p>Margorie Wilson<\/p>\n<\/div>\n","protected":false},"excerpt":{"rendered":"<p>Les membres honoraires sont un groupe de personnes v\u00e9n\u00e9r\u00e9es, nomm\u00e9es par le conseil d\u2019administration afin de reconna\u00eetre leurs importantes contributions au domaine des m\u00e9tiers d\u2019arts contemporains au Canada. Cette cat\u00e9gorie&#8230;<\/p>\n","protected":false},"author":1,"featured_media":3808,"parent":425,"menu_order":2,"comment_status":"closed","ping_status":"closed","template":"template-content-page.php","meta":{"_acf_changed":false,"_coblocks_attr":"","_coblocks_dimensions":"","_coblocks_responsive_height":"","_coblocks_accordion_ie_support":"","_monsterinsights_skip_tracking":false,"_monsterinsights_sitenote_active":false,"_monsterinsights_sitenote_note":"","_monsterinsights_sitenote_category":0,"footnotes":""},"class_list":["post-427","page","type-page","status-publish","has-post-thumbnail","hentry"],"acf":[],"aioseo_notices":[],"_links":{"self":[{"href":"https:\/\/canadiancraftsfederation.ca\/fr\/wp-json\/wp\/v2\/pages\/427","targetHints":{"allow":["GET"]}}],"collection":[{"href":"https:\/\/canadiancraftsfederation.ca\/fr\/wp-json\/wp\/v2\/pages"}],"about":[{"href":"https:\/\/canadiancraftsfederation.ca\/fr\/wp-json\/wp\/v2\/types\/page"}],"author":[{"embeddable":true,"href":"https:\/\/canadiancraftsfederation.ca\/fr\/wp-json\/wp\/v2\/users\/1"}],"replies":[{"embeddable":true,"href":"https:\/\/canadiancraftsfederation.ca\/fr\/wp-json\/wp\/v2\/comments?post=427"}],"version-history":[{"count":11,"href":"https:\/\/canadiancraftsfederation.ca\/fr\/wp-json\/wp\/v2\/pages\/427\/revisions"}],"predecessor-version":[{"id":8044,"href":"https:\/\/canadiancraftsfederation.ca\/fr\/wp-json\/wp\/v2\/pages\/427\/revisions\/8044"}],"up":[{"embeddable":true,"href":"https:\/\/canadiancraftsfederation.ca\/fr\/wp-json\/wp\/v2\/pages\/425"}],"wp:featuredmedia":[{"embeddable":true,"href":"https:\/\/canadiancraftsfederation.ca\/fr\/wp-json\/wp\/v2\/media\/3808"}],"wp:attachment":[{"href":"https:\/\/canadiancraftsfederation.ca\/fr\/wp-json\/wp\/v2\/media?parent=427"}],"curies":[{"name":"wp","href":"https:\/\/api.w.org\/{rel}","templated":true}]}}