{"id":390,"date":"2015-09-14T11:19:27","date_gmt":"2015-09-14T15:19:27","guid":{"rendered":"https:\/\/canadiancraftsfederation.ca\/fr\/?page_id=390"},"modified":"2022-07-07T20:05:13","modified_gmt":"2022-07-07T23:05:13","slug":"strategies-pour-lavenir","status":"publish","type":"page","link":"https:\/\/canadiancraftsfederation.ca\/fr\/a-propos\/strategies-pour-lavenir\/","title":{"rendered":"avenir"},"content":{"rendered":"<h2>Plan strat\u00e9gique 2017\u20132022<\/h2>\n<p class=\"p1\"><span class=\"s1\">La FCMA\/CCF est fi\u00e8re de vous pr\u00e9senter son nouveau\u00a0plan strat\u00e9gique\u00a02017-2020. Apr\u00e8s une ann\u00e9e de visualisation, de d\u00e9lib\u00e9rations et de consultation, notre conseil d\u2019administration a approuv\u00e9 les buts, objectifs et initiatives nouveaux et \u00e9largis de l\u2019organisme.\u00a0<\/span><span class=\"s1\">Les trois nouveaux buts de la FCMA\/CCF sont d\u2019\u00ab\u00a0unir, soutenir et inspirer\u00a0\u00bb, de sorte \u00e0 favoriser la cr\u00e9ation de liens et les \u00e9changes dans le r\u00e9seau national des m\u00e9tiers d\u2019art, \u00e0 renforcer et \u00e0 autonomiser le secteur des m\u00e9tiers d\u2019art, et \u00e0 \u00e9lever le profil des m\u00e9tiers d\u2019arts canadiens contemporains au pays et ailleurs.<\/span><\/p>\n<p>&nbsp;<\/p>\n<h4 class=\"p1\"><span class=\"s1\">Unir :\u00a0<\/span><span class=\"s1\">Favoriser la cr\u00e9ation de liens et les \u00e9changes parmi le r\u00e9seau national des m\u00e9tiers d\u2019art.<\/span><\/h4>\n<p class=\"p1\"><span class=\"s1\">La FCMA\/CCF est, d\u2019abord et avant tout, une f\u00e9d\u00e9ration. Notre but primaire est de relier les facettes professionnelles distinctes du secteur canadien des m\u00e9tiers d\u2019art contemporains, en adoptant les diverses ressources de notre effectif de sorte \u00e0 former un r\u00e9seau national dynamique des m\u00e9tiers d\u2019art. <\/span><span class=\"s1\">En facilitant les rassemblements et la distribution de renseignements li\u00e9s aux m\u00e9tiers d\u2019art, nous cr\u00e9ons et partageons des occasions, lan\u00e7ons des discussions, ouvrons des portes et renfor\u00e7ons le secteur des m\u00e9tiers d\u2019art.<\/span><\/p>\n<p>&nbsp;<\/p>\n<h4 class=\"p1\"><span class=\"s1\">Soutenir :\u00a0<\/span><span class=\"s1\">Renforcer et autonomiser le secteur des m\u00e9tiers d\u2019art.<\/span><\/h4>\n<p class=\"p1\"><span class=\"s1\">La FCMA\/CCF reconna\u00eet la grande force de l\u2019action collective de la communaut\u00e9 des m\u00e9tiers d\u2019art. Nous fournissons des contacts, de l\u2019information et de l\u2019encouragement au r\u00e9seau national des m\u00e9tiers d\u2019art, afin de faire en sorte que ce secteur soit repr\u00e9sent\u00e9 et reconnu comme un \u00e9l\u00e9ment prosp\u00e8re de la culture canadienne.<\/span><\/p>\n<p>&nbsp;<\/p>\n<h4 class=\"p1\"><span class=\"s1\">Inspirer :\u00a0<\/span><span class=\"s1\">\u00c9lever le profil des m\u00e9tiers d\u2019art contemporains canadiens au pays et ailleurs.<\/span><\/h4>\n<p class=\"p1\"><span class=\"s1\">La FCMA\/CCF est fi\u00e8re de promouvoir le secteur unique en son genre des m\u00e9tiers d\u2019art de notre pays. Les m\u00e9tiers d\u2019art repr\u00e9sentent l\u2019un des nombreux langages de notre culture; il s\u2019agit d\u2019un moyen nous permettant de c\u00e9l\u00e9brer qui nous sommes et les valeurs que nous avons en commun. Nous offrons une vitrine aux m\u00e9tiers d\u2019art canadiens, afin de les promouvoir comme forme d\u2019art respect\u00e9e et de mieux faire conna\u00eetre les m\u00e9tiers d\u2019art contemporains comme un contributeur \u00e0 la culture canadienne qui porte \u00e0 r\u00e9flexion, qui engage et qui inspire.<\/span><\/p>\n<p>&nbsp;<\/p>\n<p class=\"p1\"><span class=\"s1\">Intrigu\u00e9? <a href=\"https:\/\/canadiancraftsfederation.ca\/wp-content\/uploads\/2017\/08\/StrategicPlan_French.pdf\" target=\"_blank\" rel=\"noopener\">Lisez notre nouveau plan strat\u00e9gique\u00a0ici.<\/a><\/span><\/p>\n","protected":false},"excerpt":{"rendered":"<p>Plan strat\u00e9gique 2017\u20132022 La FCMA\/CCF est fi\u00e8re de vous pr\u00e9senter son nouveau\u00a0plan strat\u00e9gique\u00a02017-2020. Apr\u00e8s une ann\u00e9e de visualisation, de d\u00e9lib\u00e9rations et de consultation, notre conseil d\u2019administration a approuv\u00e9 les buts,&#8230;<\/p>\n","protected":false},"author":1,"featured_media":3810,"parent":382,"menu_order":1,"comment_status":"closed","ping_status":"closed","template":"template-content-page.php","meta":{"_acf_changed":false,"_coblocks_attr":"","_coblocks_dimensions":"","_coblocks_responsive_height":"","_coblocks_accordion_ie_support":"","_monsterinsights_skip_tracking":false,"_monsterinsights_sitenote_active":false,"_monsterinsights_sitenote_note":"","_monsterinsights_sitenote_category":0,"footnotes":""},"class_list":["post-390","page","type-page","status-publish","has-post-thumbnail","hentry"],"acf":[],"aioseo_notices":[],"_links":{"self":[{"href":"https:\/\/canadiancraftsfederation.ca\/fr\/wp-json\/wp\/v2\/pages\/390","targetHints":{"allow":["GET"]}}],"collection":[{"href":"https:\/\/canadiancraftsfederation.ca\/fr\/wp-json\/wp\/v2\/pages"}],"about":[{"href":"https:\/\/canadiancraftsfederation.ca\/fr\/wp-json\/wp\/v2\/types\/page"}],"author":[{"embeddable":true,"href":"https:\/\/canadiancraftsfederation.ca\/fr\/wp-json\/wp\/v2\/users\/1"}],"replies":[{"embeddable":true,"href":"https:\/\/canadiancraftsfederation.ca\/fr\/wp-json\/wp\/v2\/comments?post=390"}],"version-history":[{"count":12,"href":"https:\/\/canadiancraftsfederation.ca\/fr\/wp-json\/wp\/v2\/pages\/390\/revisions"}],"predecessor-version":[{"id":7467,"href":"https:\/\/canadiancraftsfederation.ca\/fr\/wp-json\/wp\/v2\/pages\/390\/revisions\/7467"}],"up":[{"embeddable":true,"href":"https:\/\/canadiancraftsfederation.ca\/fr\/wp-json\/wp\/v2\/pages\/382"}],"wp:featuredmedia":[{"embeddable":true,"href":"https:\/\/canadiancraftsfederation.ca\/fr\/wp-json\/wp\/v2\/media\/3810"}],"wp:attachment":[{"href":"https:\/\/canadiancraftsfederation.ca\/fr\/wp-json\/wp\/v2\/media?parent=390"}],"curies":[{"name":"wp","href":"https:\/\/api.w.org\/{rel}","templated":true}]}}