{"id":1204,"date":"2015-12-08T10:34:26","date_gmt":"2015-12-08T15:34:26","guid":{"rendered":"https:\/\/canadiancraftsfederation.ca\/fr\/?page_id=1204"},"modified":"2019-02-11T12:57:20","modified_gmt":"2019-02-11T16:57:20","slug":"projets-anterieurs","status":"publish","type":"page","link":"https:\/\/canadiancraftsfederation.ca\/fr\/projets\/projets-anterieurs\/","title":{"rendered":"Projets ant\u00e9rieurs"},"content":{"rendered":"<h3 class=\"western\" lang=\"fr-CA\">Ann\u00e9es des m\u00e9tiers d\u2019art\u00a02007 et 2015<\/h3>\n<p>L\u2019ann\u00e9e des m\u00e9tiers d\u2019art \u00e9tait un projet sp\u00e9cial men\u00e9 par la FCMA\/CCF en partenariat avec tous les conseils des m\u00e9tiers d\u2019art des provinces et des territoires du Canada. Des \u00e9v\u00e9nements de partout au pays \u00e9taient pr\u00e9sent\u00e9s tout au long de l\u2019ann\u00e9e durant les deux Ann\u00e9es des m\u00e9tiers d\u2019art (celles de 2007 et 2015), des festivals d\u2019un an c\u00e9l\u00e9brant les m\u00e9tiers d\u2019art contemporains. Il s\u2019agissait d\u2019une plateforme servant \u00e0 promouvoir l\u2019activit\u00e9 dans les m\u00e9tiers d\u2019art au Canada, aux \u00e9chelles locale, r\u00e9gionale, nationale et internationale. Au nombre des \u00e9v\u00e9nements et des activit\u00e9s inscrits au programme se trouvaient notamment des expositions, des festivals, des salons, des visites de studio, des campagnes de financement, des lancements de livres, des publications, des s\u00e9minaires, des congr\u00e8s, des symposiums, des programmes \u00e9ducatifs et des \u00e9v\u00e9nements familiaux.<\/p>\n<p>&nbsp;<\/p>\n<p>Durant la premi\u00e8re \u00e9dition de l\u2019Ann\u00e9e des m\u00e9tiers d\u2019art, en 2007, on s\u2019attendait \u00e0 ce qu\u2019il y ait environ de 50 \u00e0 100\u00a0\u00e9v\u00e9nements. Cependant, \u00e0 la fin de l\u2019ann\u00e9e, on comptait 712\u00a0\u00e9v\u00e9nements inscrits au festival, ce qui aura fait de l\u2019Ann\u00e9e des m\u00e9tiers d\u2019art\u00a02007 un tr\u00e8s grand succ\u00e8s international. La deuxi\u00e8me \u00e9dition de cette c\u00e9l\u00e9bration nationale, l\u2019Ann\u00e9e des m\u00e9tiers d\u2019art\u00a02015, a atteint 884\u00a0\u00e9v\u00e9nements, soit une augmentation de 19,5\u00a0%. <a href=\"https:\/\/canadiancraftsfederation.ca\/wp-content\/uploads\/2016\/04\/CY2015Info_FRA-1.jpg\">Infographic<\/a><\/p>\n<h3 class=\"western\" lang=\"fr-CA\">Congr\u00e8s et symposiums de la FCMA\/CCF<\/h3>\n<p>Chaque ann\u00e9e depuis 2001, la FCMA\/CCF a organis\u00e9 une assembl\u00e9e nationale, r\u00e9unissant des professionnels du secteur des m\u00e9tiers d\u2019art d\u2019organismes et d\u2019associations afin de discuter d\u2019enjeux d\u2019int\u00e9r\u00eat et d\u2019importance nationaux. Ces \u00e9v\u00e9nements ont eu lieu \u00e0 Ottawa (2001 et 2012), \u00e0 Montr\u00e9al (2007), \u00e0 Toronto (2008), \u00e0 Fredericton (2009), \u00e0 Winnipeg (2010), \u00e0 Iqaluit (2011), \u00e0 Vancouver (2013), \u00e0 Charlottetown (2014) et \u00e0 Qu\u00e9bec (2015). Prochaine assembl\u00e9e\u00a0: Alberta. Pour de plus amples renseignements, cliquez <span style=\"color: #ff0000;\">ici<\/span>.<\/p>\n<p>&nbsp;<\/p>\n<h3>Biennale internationale <span lang=\"fr-CA\">des m\u00e9tiers d\u2019art \u00e0 Cheongju<\/span><\/h3>\n<p>Canada \u00e9tait l\u2019invit\u00e9 d\u2019honneur \u00e0 la Biennale internationale 2009 des m\u00e9tiers d\u2019art \u00e0 Cheongju, le plus grand \u00e9v\u00e9nement de m\u00e9tiers d\u2019art au monde. La FCMA\/CCF a organis\u00e9 et administr\u00e9 la programmation canadienne tout au long de l\u2019\u00e9v\u00e9nement, qui a dur\u00e9 40\u00a0jours, et qui comprenait l\u2019exposition de 206\u00a0\u0153uvres de 212\u00a0artisans canadiens (intitul\u00e9e <span lang=\"fr-CA\"><em>Unit\u00e9 et Diversit\u00e9<\/em>), un march\u00e9 canadien d\u2019objets artisanaux orient\u00e9 vers la vente au d\u00e9tail, ainsi qu\u2019une gamme d\u2019activit\u00e9s \u00e9ducatives et culturelles portant sur l\u2019activit\u00e9 artisanale au Canada, dont des congr\u00e8s, des d\u00e9monstrations, des ateliers et des performances offerts par des artisans et des universitaires canadiens.<\/span>\u00a0 Durant la p\u00e9riode qui a pr\u00e9c\u00e9d\u00e9 l\u2019exposition de 2009, la FCMA\/CCF a collabor\u00e9 avec les conseils des m\u00e9tiers d\u2019art de l\u2019Alberta et de la Colombie-Britannique afin de pr\u00e9senter un aper\u00e7u de l\u2019exposition \u00e0 la Biennale de Cheongju de 2007, et d\u2019apporter des dirigeants de la Biennale sur une visite guid\u00e9e traversant le Canada qui avait pour but de leur faire d\u00e9couvrir les arts de notre pays. Apr\u00e8s les \u00e9v\u00e9nements de 2009, nous avons \u00e9galement accueilli l\u2019exposition <i>Art of Craft<\/i> durant les Jeux olympiques d\u2019hiver de 2010, qui comprenait trois expositions de m\u00e9tiers d\u2019art contemporains au Mus\u00e9e de Vancouver, soit une version abr\u00e9g\u00e9e de l\u2019exposition <i>Unit\u00e9 et diversit\u00e9<\/i>, une exposition conjointe de la Colombie-Britannique et du Yukon intitul\u00e9e <i>By Hand<\/i> et une exposition cor\u00e9enne ayant pour titre <i>Moments in Between<\/i>. Plus de 10\u00a0000\u00a0personnes ont visit\u00e9 ces expositions. En 2013, la directrice de la FCMA\/CCF, Maegen Black, a \u00e9t\u00e9 invit\u00e9e \u00e0 retourner \u00e0 la Biennale internationale de m\u00e9tiers d\u2019art de Cheongju, afin d\u2019y pr\u00e9senter un discours sur les m\u00e9tiers d\u2019art contemporains au Canada. La Biennale a continuellement mis en vedette des Canadiens depuis sa premi\u00e8re collaboration avec la FCMA\/CCF, en 2007.<\/p>\n<p><span lang=\"fr-CA\"><br \/>\n<a href=\"http:\/\/www.cheongjubiennale.or.kr\/wp\/\">www.cheongjubiennale.or.kr\/wp\/<\/a><\/span><\/p>\n","protected":false},"excerpt":{"rendered":"<p>Ann\u00e9es des m\u00e9tiers d\u2019art\u00a02007 et 2015 L\u2019ann\u00e9e des m\u00e9tiers d\u2019art \u00e9tait un projet sp\u00e9cial men\u00e9 par la FCMA\/CCF en partenariat avec tous les conseils des m\u00e9tiers d\u2019art des provinces et&#8230;<\/p>\n","protected":false},"author":1,"featured_media":3796,"parent":1200,"menu_order":0,"comment_status":"closed","ping_status":"closed","template":"template-content-page.php","meta":{"_acf_changed":false,"_coblocks_attr":"","_coblocks_dimensions":"","_coblocks_responsive_height":"","_coblocks_accordion_ie_support":"","_monsterinsights_skip_tracking":false,"_monsterinsights_sitenote_active":false,"_monsterinsights_sitenote_note":"","_monsterinsights_sitenote_category":0,"footnotes":""},"class_list":["post-1204","page","type-page","status-publish","has-post-thumbnail","hentry"],"acf":[],"aioseo_notices":[],"_links":{"self":[{"href":"https:\/\/canadiancraftsfederation.ca\/fr\/wp-json\/wp\/v2\/pages\/1204","targetHints":{"allow":["GET"]}}],"collection":[{"href":"https:\/\/canadiancraftsfederation.ca\/fr\/wp-json\/wp\/v2\/pages"}],"about":[{"href":"https:\/\/canadiancraftsfederation.ca\/fr\/wp-json\/wp\/v2\/types\/page"}],"author":[{"embeddable":true,"href":"https:\/\/canadiancraftsfederation.ca\/fr\/wp-json\/wp\/v2\/users\/1"}],"replies":[{"embeddable":true,"href":"https:\/\/canadiancraftsfederation.ca\/fr\/wp-json\/wp\/v2\/comments?post=1204"}],"version-history":[{"count":16,"href":"https:\/\/canadiancraftsfederation.ca\/fr\/wp-json\/wp\/v2\/pages\/1204\/revisions"}],"predecessor-version":[{"id":3343,"href":"https:\/\/canadiancraftsfederation.ca\/fr\/wp-json\/wp\/v2\/pages\/1204\/revisions\/3343"}],"up":[{"embeddable":true,"href":"https:\/\/canadiancraftsfederation.ca\/fr\/wp-json\/wp\/v2\/pages\/1200"}],"wp:featuredmedia":[{"embeddable":true,"href":"https:\/\/canadiancraftsfederation.ca\/fr\/wp-json\/wp\/v2\/media\/3796"}],"wp:attachment":[{"href":"https:\/\/canadiancraftsfederation.ca\/fr\/wp-json\/wp\/v2\/media?parent=1204"}],"curies":[{"name":"wp","href":"https:\/\/api.w.org\/{rel}","templated":true}]}}