{"id":1200,"date":"2015-12-08T10:33:19","date_gmt":"2015-12-08T15:33:19","guid":{"rendered":"https:\/\/canadiancraftsfederation.ca\/fr\/?page_id=1200"},"modified":"2016-03-18T09:58:45","modified_gmt":"2016-03-18T13:58:45","slug":"projets","status":"publish","type":"page","link":"https:\/\/canadiancraftsfederation.ca\/fr\/projets\/","title":{"rendered":"Projets"},"content":{"rendered":"<p><span class=\"lead1\">La FCMA\/CCF agit comme voix qui assure la d\u00e9fense et la promotion des m\u00e9tiers d\u2019art sur les sc\u00e8nes nationale et internationale. En collaborant avec nos partenaires, soit les conseils en m\u00e9tiers d&rsquo;art des provinces et des territoires, nous administrons de plus une programmation qui profite \u00e0 l\u2019ensemble de la communaut\u00e9 des artisans au Canada.<\/span><\/p>\n","protected":false},"excerpt":{"rendered":"<p>La FCMA\/CCF agit comme voix qui assure la d\u00e9fense et la promotion des m\u00e9tiers d\u2019art sur les sc\u00e8nes nationale et internationale. En collaborant avec nos partenaires, soit les conseils en&#8230;<\/p>\n","protected":false},"author":1,"featured_media":0,"parent":0,"menu_order":0,"comment_status":"closed","ping_status":"closed","template":"template-content-page.php","meta":{"_acf_changed":false,"_coblocks_attr":"","_coblocks_dimensions":"","_coblocks_responsive_height":"","_coblocks_accordion_ie_support":"","_monsterinsights_skip_tracking":false,"_monsterinsights_sitenote_active":false,"_monsterinsights_sitenote_note":"","_monsterinsights_sitenote_category":0,"footnotes":""},"class_list":["post-1200","page","type-page","status-publish","hentry"],"acf":[],"aioseo_notices":[],"_links":{"self":[{"href":"https:\/\/canadiancraftsfederation.ca\/fr\/wp-json\/wp\/v2\/pages\/1200","targetHints":{"allow":["GET"]}}],"collection":[{"href":"https:\/\/canadiancraftsfederation.ca\/fr\/wp-json\/wp\/v2\/pages"}],"about":[{"href":"https:\/\/canadiancraftsfederation.ca\/fr\/wp-json\/wp\/v2\/types\/page"}],"author":[{"embeddable":true,"href":"https:\/\/canadiancraftsfederation.ca\/fr\/wp-json\/wp\/v2\/users\/1"}],"replies":[{"embeddable":true,"href":"https:\/\/canadiancraftsfederation.ca\/fr\/wp-json\/wp\/v2\/comments?post=1200"}],"version-history":[{"count":9,"href":"https:\/\/canadiancraftsfederation.ca\/fr\/wp-json\/wp\/v2\/pages\/1200\/revisions"}],"predecessor-version":[{"id":2201,"href":"https:\/\/canadiancraftsfederation.ca\/fr\/wp-json\/wp\/v2\/pages\/1200\/revisions\/2201"}],"wp:attachment":[{"href":"https:\/\/canadiancraftsfederation.ca\/fr\/wp-json\/wp\/v2\/media?parent=1200"}],"curies":[{"name":"wp","href":"https:\/\/api.w.org\/{rel}","templated":true}]}}