{"id":1193,"date":"2015-12-08T10:31:05","date_gmt":"2015-12-08T15:31:05","guid":{"rendered":"https:\/\/canadiancraftsfederation.ca\/fr\/?page_id=1193"},"modified":"2016-03-18T11:34:03","modified_gmt":"2016-03-18T15:34:03","slug":"theorie","status":"publish","type":"page","link":"https:\/\/canadiancraftsfederation.ca\/fr\/theorie\/","title":{"rendered":"En Th\u00e9orie"},"content":{"rendered":"<p><span class=\"lead1\">Nous encourageons tout le monde \u00e0 participer \u00e0 des discussions approfondies sur le th\u00e8me des m\u00e9tiers d\u2019art\u00a0: que sont-ils? Que signifient-ils? Quelle est leur place dans le monde artistique d\u2019hier et d\u2019aujourd\u2019hui? Qu\u2019apportent-ils \u00e0 nos vies? Les sources suivantes proposent diff\u00e9rentes perspectives dans le domaine de la th\u00e9orie des m\u00e9tiers d\u2019art, en vue d\u2019encourager une discussion continue et un engagement r\u00e9fl\u00e9chi.<\/span><\/p>\n","protected":false},"excerpt":{"rendered":"<p>Nous encourageons tout le monde \u00e0 participer \u00e0 des discussions approfondies sur le th\u00e8me des m\u00e9tiers d\u2019art\u00a0: que sont-ils? Que signifient-ils? Quelle est leur place dans le monde artistique d\u2019hier&#8230;<\/p>\n","protected":false},"author":1,"featured_media":9209,"parent":0,"menu_order":0,"comment_status":"closed","ping_status":"closed","template":"template-content-page.php","meta":{"_acf_changed":false,"_coblocks_attr":"","_coblocks_dimensions":"","_coblocks_responsive_height":"","_coblocks_accordion_ie_support":"","_monsterinsights_skip_tracking":false,"_monsterinsights_sitenote_active":false,"_monsterinsights_sitenote_note":"","_monsterinsights_sitenote_category":0,"footnotes":""},"class_list":["post-1193","page","type-page","status-publish","has-post-thumbnail","hentry"],"acf":[],"aioseo_notices":[],"_links":{"self":[{"href":"https:\/\/canadiancraftsfederation.ca\/fr\/wp-json\/wp\/v2\/pages\/1193","targetHints":{"allow":["GET"]}}],"collection":[{"href":"https:\/\/canadiancraftsfederation.ca\/fr\/wp-json\/wp\/v2\/pages"}],"about":[{"href":"https:\/\/canadiancraftsfederation.ca\/fr\/wp-json\/wp\/v2\/types\/page"}],"author":[{"embeddable":true,"href":"https:\/\/canadiancraftsfederation.ca\/fr\/wp-json\/wp\/v2\/users\/1"}],"replies":[{"embeddable":true,"href":"https:\/\/canadiancraftsfederation.ca\/fr\/wp-json\/wp\/v2\/comments?post=1193"}],"version-history":[{"count":11,"href":"https:\/\/canadiancraftsfederation.ca\/fr\/wp-json\/wp\/v2\/pages\/1193\/revisions"}],"predecessor-version":[{"id":2206,"href":"https:\/\/canadiancraftsfederation.ca\/fr\/wp-json\/wp\/v2\/pages\/1193\/revisions\/2206"}],"wp:featuredmedia":[{"embeddable":true,"href":"https:\/\/canadiancraftsfederation.ca\/fr\/wp-json\/wp\/v2\/media\/9209"}],"wp:attachment":[{"href":"https:\/\/canadiancraftsfederation.ca\/fr\/wp-json\/wp\/v2\/media?parent=1193"}],"curies":[{"name":"wp","href":"https:\/\/api.w.org\/{rel}","templated":true}]}}