{"id":1191,"date":"2015-12-08T10:34:50","date_gmt":"2015-12-08T15:34:50","guid":{"rendered":"https:\/\/canadiancraftsfederation.ca\/fr\/?page_id=1191"},"modified":"2024-11-07T17:48:44","modified_gmt":"2024-11-07T21:48:44","slug":"congres","status":"publish","type":"page","link":"https:\/\/canadiancraftsfederation.ca\/fr\/congres\/","title":{"rendered":"Symposium national de la FCMA\/CCF"},"content":{"rendered":"\n<h2 class=\"wp-block-heading\">Tisser des liens&nbsp;: 50&nbsp;ans d\u2019impact et d\u2019innovation en collaboration<\/h2>\n\n\n\n<p>Rejoignez-nous \u00e0 Ottawa pour le Symposium de la F\u00e9d\u00e9ration canadienne des m\u00e9tiers d\u2019art&nbsp;2025&nbsp;: quatre&nbsp;jours pour c\u00e9l\u00e9brer et fa\u00e7onner l\u2019avenir des m\u00e9tiers d\u2019art au Canada!<\/p>\n\n\n\n<h3 class=\"wp-block-heading\"><strong>\u00c0 propos du symposium<\/strong><\/h3>\n\n\n\n<p>\u00ab&nbsp;Tisser des liens&nbsp;\u00bb&nbsp;: 50&nbsp;ans d\u2019impact et d\u2019innovation en collaboration est un \u00e9v\u00e9nement de quatre jours consacr\u00e9 \u00e0 la c\u00e9l\u00e9bration et au fa\u00e7onnement de l\u2019avenir des m\u00e9tiers d\u2019art au Canada. Le symposium de cette ann\u00e9e marque une \u00e9tape sp\u00e9ciale en rendant hommage \u00e0 cinq d\u00e9cennies de travail collaboratif dans le domaine des m\u00e9tiers d\u2019art.<\/p>\n\n\n\n<h3 class=\"wp-block-heading\"><strong>Pourquoi y participer?<\/strong><\/h3>\n\n\n\n<p>Vous aurez l\u2019occasion d\u2019entrer en contact avec les grands professionnels de partout au pays. D\u00e9couvrez comment l\u2019action collective, la d\u00e9fense des int\u00e9r\u00eats et les nouvelles technologies font progresser la communaut\u00e9 des m\u00e9tiers d\u2019art. Gr\u00e2ce \u00e0 des conf\u00e9rences inspirantes, des discussions approfondies, des ateliers pratiques et une exposition nationale collaborative, vous explorerez l\u2019\u00e9volution du r\u00f4le des m\u00e9tiers d\u2019art au Canada.<\/p>\n\n\n\n<h3 class=\"wp-block-heading\"><strong>Points forts de l\u2019\u00e9v\u00e9nement<\/strong><\/h3>\n\n\n\n<ul class=\"wp-block-list\">\n<li><strong>Discours d\u2019ouverture&nbsp;:<\/strong> Don Kwan, un artiste canadien d\u2019origine chinoise de troisi\u00e8me g\u00e9n\u00e9ration et laur\u00e9at du prix de l\u2019artisanat&nbsp;2024 (Ontario). Son travail explore l\u2019identit\u00e9, la m\u00e9moire et les complexit\u00e9s de l\u2019appartenance.<\/li>\n\n\n\n<li><strong>Ateliers et panels&nbsp;:<\/strong> S\u2019engager sur des sujets tels que la durabilit\u00e9, la transformation num\u00e9rique, l\u2019innovation organisationnelle et l\u2019intersection des pratiques artisanales traditionnelles et contemporaines.<\/li>\n\n\n\n<li><strong>C\u00e9r\u00e9monie de remise du Prix Robert Jekyll pour le leadership dans les m\u00e9tiers d\u2019art&nbsp;:<\/strong> Joignez-vous \u00e0 nous pour c\u00e9l\u00e9brer l\u2019apport et le leadership exceptionnels de gens qui ont eu un impact important sur le secteur des m\u00e9tiers d\u2019art au Canada.&nbsp;<\/li>\n<\/ul>\n\n\n\n<div class=\"wp-block-columns has-background is-layout-flex wp-container-core-columns-is-layout-9d6595d7 wp-block-columns-is-layout-flex\" style=\"background-color:#f3f5f7\">\n<div class=\"wp-block-column is-layout-flow wp-block-column-is-layout-flow\">\n<h3 class=\"wp-block-heading\"><strong>Horaire<\/strong><\/h3>\n\n\n\n<p><strong>Jeudi soir&nbsp;:<\/strong> C\u00e9r\u00e9monie d\u2019ouverture et gala<\/p>\n\n\n\n<p><strong>Vendredi&nbsp;:<\/strong> Discours d\u2019ouverture, mises \u00e0 jour des membres du conseil (des diff\u00e9rentes r\u00e9gions) et panels<\/p>\n\n\n\n<p><strong>Samedi&nbsp;:<\/strong> Discours d\u2019ouverture, panels et c\u00e9r\u00e9monie de remise du Prix Robert Jekyll&nbsp;<\/p>\n\n\n\n<p><strong>Dimanche&nbsp;:<\/strong> Rencontres entre pairs pour les membres de la FCMA\/CCF seulement<\/p>\n<\/div>\n<\/div>\n\n\n\n<p>Ne manquez pas cette occasion unique d\u2019apprendre, d\u2019\u00e9tablir des liens et de soutenir l\u2019avenir des m\u00e9tiers d\u2019art au Canada.<\/p>\n\n\n\n<p>R\u00e9servez votre place d\u00e8s aujourd\u2019hui et participez \u00e0 la conversation!<\/p>\n\n\n\n<h3 class=\"wp-block-heading\"><strong>Types de billets<\/strong><\/h3>\n\n\n\n<h4 class=\"wp-block-heading\"><strong>Admission g\u00e9n\u00e9rale<\/strong><\/h4>\n\n\n\n<p>Acc\u00e9dez \u00e0 tous les \u00e9v\u00e9nements du symposium en personne, y compris les discours d\u2019ouverture, les ateliers, les panels et la c\u00e9r\u00e9monie de remise du Prix Robert Jekyll.<\/p>\n\n\n\n<h4 class=\"wp-block-heading\"><strong>\u00c9tudiants \/ personnes \u00e0 faible revenu<\/strong><\/h4>\n\n\n\n<p>Tarif r\u00e9duit pour les \u00e9tudiants ou les personnes \u00e0 revenus limit\u00e9s. Comprend l\u2019acc\u00e8s complet aux \u00e9v\u00e9nements du symposium en personne, aux discours d\u2019ouverture, aux ateliers, aux panels et \u00e0 la c\u00e9r\u00e9monie de remise du Prix Robert Jekyll.<\/p>\n\n\n\n<h4 class=\"wp-block-heading\"><strong>Participation en ligne<\/strong><\/h4>\n\n\n\n<p>Acc\u00e8s virtuel \u00e0 certaines sessions du symposium diffus\u00e9es en direct, y compris les discours d\u2019ouverture et les panels. Id\u00e9al pour ceux qui ne peuvent pas assister en personne.<\/p>\n\n\n\n<h4 class=\"wp-block-heading\"><strong>Membre de la FCMA\/CCF ou membre affili\u00e9<\/strong><\/h4>\n\n\n\n<p>Inscription exclusive pour les membres de la FCMA\/CCF ou des organisations de m\u00e9tiers d\u2019art affili\u00e9es. Comprend l\u2019acc\u00e8s \u00e0 tous les \u00e9v\u00e9nements du symposium et aux rencontres entre pairs r\u00e9serv\u00e9es aux membres le dimanche&nbsp;9&nbsp;f\u00e9vrier.<\/p>\n\n\n\n<h4 class=\"wp-block-heading\"><strong>Membre du Conseil d\u2019administration de la FCMA\/CCF<\/strong><\/h4>\n\n\n\n<p>Inscription exclusive pour les membres du Conseil d\u2019administration de la FCMA\/CCF. Comprend l\u2019acc\u00e8s \u00e0 tous les \u00e9v\u00e9nements du symposium et aux rencontres entre pairs r\u00e9serv\u00e9es aux membres le dimanche&nbsp;9&nbsp;f\u00e9vrier.<\/p>\n\n\n\n<div style=\"height:20px\" aria-hidden=\"true\" class=\"wp-block-spacer\"><\/div>\n\n\n\n<h2 class=\"wp-block-heading\">Tisser des liens<\/h2>\n\n\n\n<div class=\"wp-block-columns has-background is-layout-flex wp-container-core-columns-is-layout-9d6595d7 wp-block-columns-is-layout-flex\" style=\"background-color:#f3f5f7\">\n<div class=\"wp-block-column is-layout-flow wp-block-column-is-layout-flow\">\n<h4 class=\"wp-block-heading has-text-align-center\">50\u00a0ans d\u2019impact et d\u2019innovation en collaboration<\/h4>\n\n\n\n<div style=\"height:10px\" aria-hidden=\"true\" class=\"wp-block-spacer\"><\/div>\n\n\n\n<p class=\"has-text-align-center\"><strong>6 au 9 f\u00e9vrier 2025<\/strong><\/p>\n\n\n\n<p class=\"has-text-align-center\"><strong><a href=\"http:\/\/crafting-connections-tisser-des-liens.eventbrite.ca\/\" target=\"_blank\" rel=\"noopener\" title=\"Register\u00a0Here\">Cliquez ici pour vous inscrire<\/a><\/strong><\/p>\n<\/div>\n<\/div>\n\n\n\n<div style=\"height:30px\" aria-hidden=\"true\" class=\"wp-block-spacer\"><\/div>\n\n\n\n<figure class=\"wp-block-image is-resized size-large\"><a href=\"https:\/\/conseildesarts.ca\/\" target=\"_blank\" rel=\"noreferrer noopener\"><img loading=\"lazy\" decoding=\"async\" width=\"1024\" height=\"188\" src=\"https:\/\/canadiancraftsfederation.ca\/wp-content\/uploads\/2022\/07\/CCA_RGB_colour_f-1024x188.png\" alt=\"\" class=\"wp-image-7519\" style=\"width:282px;height:auto\" srcset=\"https:\/\/canadiancraftsfederation.ca\/wp-content\/uploads\/2022\/07\/CCA_RGB_colour_f-1024x188.png 1024w, https:\/\/canadiancraftsfederation.ca\/wp-content\/uploads\/2022\/07\/CCA_RGB_colour_f-300x55.png 300w, https:\/\/canadiancraftsfederation.ca\/wp-content\/uploads\/2022\/07\/CCA_RGB_colour_f-768x141.png 768w, https:\/\/canadiancraftsfederation.ca\/wp-content\/uploads\/2022\/07\/CCA_RGB_colour_f.png 1201w\" sizes=\"auto, (max-width: 1024px) 100vw, 1024px\" \/><\/a><\/figure>\n\n\n\n<p><em>Nous remercions le Conseil des arts du Canada de son soutien.<\/em><\/p>\n\n\n\n<div style=\"height:30px\" aria-hidden=\"true\" class=\"wp-block-spacer\"><\/div>\n\n\n\n<h3 class=\"wp-block-heading\"><strong>Restez inform\u00e9<\/strong><\/h3>\n\n\n<div class=\"wp-block-coblocks-posts is-style-stacked\"><div class=\"wp-block-coblocks-posts__inner has-columns has-2-columns has-responsive-columns has-sixteen-to-nine-image\"><div class=\"wp-block-coblocks-posts__item\"><div class=\"wp-block-coblocks-posts__image\"><a href=\"https:\/\/canadiancraftsfederation.ca\/fr\/ouverture-de-la-periode-dinscription-au-symposium-2025-de-la-federation-canadienne-des-metiers-dart-tisser-des-liens\/\" class=\"bg-cover bg-center-center\" style=\"background-image:url(https:\/\/canadiancraftsfederation.ca\/wp-content\/uploads\/2024\/10\/blog-banner-02.png)\"><\/a><\/div><div class=\"wp-block-coblocks-posts__content\"><time datetime=\"\" class=\"wp-block-coblocks-posts__date\">octobre 24, 2024<\/time><a href=\"https:\/\/canadiancraftsfederation.ca\/fr\/ouverture-de-la-periode-dinscription-au-symposium-2025-de-la-federation-canadienne-des-metiers-dart-tisser-des-liens\/\" alt=\"Ouverture de la p\u00e9riode d\u2019inscription au Symposium 2025 de la F\u00e9d\u00e9ration canadienne des m\u00e9tiers d\u2019art : Tisser des liens!\">Ouverture de la p\u00e9riode d\u2019inscription au Symposium 2025 de la F\u00e9d\u00e9ration canadienne des m\u00e9tiers d\u2019art : Tisser des liens!<\/a><div class=\"wp-block-coblocks-posts__excerpt\">Nous avons le plaisir d\u2019annoncer que la p\u00e9riode d\u2019inscription au Symposium 2025 &hellip; <\/div><\/div><\/div><div class=\"wp-block-coblocks-posts__item\"><div class=\"wp-block-coblocks-posts__image\"><a href=\"https:\/\/canadiancraftsfederation.ca\/fr\/reservez-les-dates-du-symposium-de-la-federation-canadienne-des-metiersdart-2025-tisser-des-liens\/\" class=\"bg-cover bg-center-center\" style=\"background-image:url(https:\/\/canadiancraftsfederation.ca\/wp-content\/uploads\/2024\/08\/symposium-banners-02.png)\"><\/a><\/div><div class=\"wp-block-coblocks-posts__content\"><time datetime=\"\" class=\"wp-block-coblocks-posts__date\">ao\u00fbt 8, 2024<\/time><a href=\"https:\/\/canadiancraftsfederation.ca\/fr\/reservez-les-dates-du-symposium-de-la-federation-canadienne-des-metiersdart-2025-tisser-des-liens\/\" alt=\"R\u00e9servez les dates du Symposium de la F\u00e9d\u00e9ration canadienne des m\u00e9tiersd\u2019art\u00a02025\u00a0: Tisser des liens!\">R\u00e9servez les dates du Symposium de la F\u00e9d\u00e9ration canadienne des m\u00e9tiersd\u2019art\u00a02025\u00a0: Tisser des liens!<\/a><div class=\"wp-block-coblocks-posts__excerpt\">C\u2019est avec une grande joie que nous annon\u00e7ons la tenue du Symposium &hellip; <\/div><\/div><\/div><\/div><\/div>\n\n\n<p><\/p>\n","protected":false},"excerpt":{"rendered":"<p>\u00ab\u00a0Tisser des liens\u00a0\u00bb\u00a0: 50\u00a0ans d\u2019impact et d\u2019innovation en collaboration est un \u00e9v\u00e9nement de quatre jours consacr\u00e9 \u00e0 la c\u00e9l\u00e9bration et au fa\u00e7onnement de l\u2019avenir des m\u00e9tiers d\u2019art au Canada.<\/p>\n","protected":false},"author":2,"featured_media":10339,"parent":0,"menu_order":0,"comment_status":"closed","ping_status":"closed","template":"template-conference.php","meta":{"_acf_changed":false,"_coblocks_attr":"","_coblocks_dimensions":"","_coblocks_responsive_height":"","_coblocks_accordion_ie_support":"","_monsterinsights_skip_tracking":false,"_monsterinsights_sitenote_active":false,"_monsterinsights_sitenote_note":"","_monsterinsights_sitenote_category":0,"footnotes":""},"class_list":["post-1191","page","type-page","status-publish","has-post-thumbnail","hentry"],"acf":[],"aioseo_notices":[],"_links":{"self":[{"href":"https:\/\/canadiancraftsfederation.ca\/fr\/wp-json\/wp\/v2\/pages\/1191","targetHints":{"allow":["GET"]}}],"collection":[{"href":"https:\/\/canadiancraftsfederation.ca\/fr\/wp-json\/wp\/v2\/pages"}],"about":[{"href":"https:\/\/canadiancraftsfederation.ca\/fr\/wp-json\/wp\/v2\/types\/page"}],"author":[{"embeddable":true,"href":"https:\/\/canadiancraftsfederation.ca\/fr\/wp-json\/wp\/v2\/users\/2"}],"replies":[{"embeddable":true,"href":"https:\/\/canadiancraftsfederation.ca\/fr\/wp-json\/wp\/v2\/comments?post=1191"}],"version-history":[{"count":53,"href":"https:\/\/canadiancraftsfederation.ca\/fr\/wp-json\/wp\/v2\/pages\/1191\/revisions"}],"predecessor-version":[{"id":10392,"href":"https:\/\/canadiancraftsfederation.ca\/fr\/wp-json\/wp\/v2\/pages\/1191\/revisions\/10392"}],"wp:featuredmedia":[{"embeddable":true,"href":"https:\/\/canadiancraftsfederation.ca\/fr\/wp-json\/wp\/v2\/media\/10339"}],"wp:attachment":[{"href":"https:\/\/canadiancraftsfederation.ca\/fr\/wp-json\/wp\/v2\/media?parent=1191"}],"curies":[{"name":"wp","href":"https:\/\/api.w.org\/{rel}","templated":true}]}}