{"id":10992,"date":"2025-11-06T20:53:38","date_gmt":"2025-11-07T00:53:38","guid":{"rendered":"https:\/\/canadiancraftsfederation.ca\/?page_id=10992"},"modified":"2026-01-12T14:34:38","modified_gmt":"2026-01-12T18:34:38","slug":"prix","status":"publish","type":"page","link":"https:\/\/canadiancraftsfederation.ca\/fr\/adhesion\/prix\/","title":{"rendered":"Prix"},"content":{"rendered":"\n<h2 class=\"wp-block-heading\">Prix<\/h2>\n\n\n\n<div class=\"wp-block-coblocks-accordion\">\n<div class=\"wp-block-coblocks-accordion-item\"><details open><summary class=\"wp-block-coblocks-accordion-item__title\"><strong><span class=\"uppercase\">Prix Robert Jekyll<\/span><\/strong><\/summary><div class=\"wp-block-coblocks-accordion-item__content\">\n<h3 class=\"wp-block-heading\">Le Prix&nbsp;Robert&nbsp;Jekyll pour le leadership dans les m\u00e9tiers d\u2019art<\/h3>\n\n\n\n<p>Le Prix&nbsp;Robert&nbsp;Jekyll pour le leadership dans les m\u00e9tiers d\u2019art est d\u00e9cern\u00e9 \u00e0 des personnes ayant fait preuve d\u2019un d\u00e9vouement remarquable pour l\u2019\u00e9volution du secteur des m\u00e9tiers d\u2019art au Canada. Les membres de la F\u00e9d\u00e9ration canadienne des m\u00e9tiers d\u2019art (FCMA\/CCF) peuvent proposer des candidats pour ce prix prestigieux qui rend hommage au leadership exceptionnel d\u2019une personne estim\u00e9e au sein de la communaut\u00e9 des m\u00e9tiers d\u2019art.<\/p>\n\n\n\n<div style=\"height:11px\" aria-hidden=\"true\" class=\"wp-block-spacer\"><\/div>\n\n\n\n<h4 class=\"wp-block-heading\"><span class=\"uppercase\">Date limite : 23 janvier 2026<\/span><\/h4>\n\n\n\n<div style=\"height:36px\" aria-hidden=\"true\" class=\"wp-block-spacer\"><\/div>\n\n\n\n<div class=\"wp-block-buttons is-layout-flex wp-block-buttons-is-layout-flex\">\n<div class=\"wp-block-button\"><a class=\"wp-block-button__link wp-element-button\" href=\"https:\/\/canadiancraftsfederation.ca\/fr\/adhesion\/prix-robert-jekyll\/\" target=\"_blank\" rel=\"noreferrer noopener\">En savoir plus<\/a><\/div>\n<\/div>\n<\/div><\/details><\/div>\n<\/div>\n\n\n\n<div class=\"wp-block-coblocks-accordion\">\n<div class=\"wp-block-coblocks-accordion-item\"><details open><summary class=\"wp-block-coblocks-accordion-item__title\"><span class=\"uppercase\"><strong>Prix de l\u2019artiste de l\u2019ann\u00e9e<\/strong><\/span><\/summary><div class=\"wp-block-coblocks-accordion-item__content\">\n<h3 class=\"wp-block-heading\">Prix de l\u2019artiste de l\u2019ann\u00e9e, commandit\u00e9 par Lexus Canada<\/h3>\n\n\n\n<div style=\"height:var(--wp--preset--spacing--40)\" aria-hidden=\"true\" class=\"wp-block-spacer\"><\/div>\n\n\n\n<h4 class=\"wp-block-heading\"><strong>Une c\u00e9l\u00e9bration de ceux et celles qui, avec leurs mains, fa\u00e7onnent notre culture<\/strong><\/h4>\n\n\n\n<p>Le Prix de l\u2019artiste de l\u2019ann\u00e9e, commandit\u00e9 par Lexus Canada, vise \u00e0 attirer les projecteurs sur le savoir-faire, l\u2019engagement, l\u2019innovation et la passion dont fait preuve un artisan ou une artisane d\u2019exp\u00e9rience, de m\u00eame que sur sa contribution substantielle au secteur canadien des m\u00e9tiers d\u2019art. Ce prix, d\u2019une valeur de 10 000 $ CA, est d\u00e9cern\u00e9 \u00e0 une personne s\u00e9lectionn\u00e9e parmi les candidates et candidats propos\u00e9s par les membres de la F\u00e9d\u00e9ration canadienne des m\u00e9tiers d\u2019art (FCMA\/CCF).<\/p>\n\n\n\n<p>Cet hommage rendu \u00e0 un ou une <em>artiste de l\u2019ann\u00e9e<\/em> nous permet de c\u00e9l\u00e9brer le savoir-faire artisanal d\u2019une personne et de r\u00e9affirmer l\u2019importance du r\u00f4le que jouent les m\u00e9tiers d\u2019art dans la culture canadienne, tout en rappelant l\u2019engagement de Lexus envers l\u2019excellence et l\u2019innovation. Le soutien financier accompagnant cette reconnaissance du caract\u00e8re exceptionnel de son \u0153uvre aidera l\u2019artiste \u00e0 transmettre son savoir aux g\u00e9n\u00e9rations futures et, ainsi, favorisera le dynamisme de la communaut\u00e9 des m\u00e9tiers d\u2019art.<\/p>\n\n\n\n<h4 class=\"wp-block-heading\"><strong>DATE LIMITE : 27 F\u00c9VRIER 2026<\/strong><\/h4>\n\n\n\n<div style=\"height:var(--wp--preset--spacing--60)\" aria-hidden=\"true\" class=\"wp-block-spacer\"><\/div>\n\n\n\n<div class=\"wp-block-buttons is-layout-flex wp-block-buttons-is-layout-flex\">\n<div class=\"wp-block-button\"><a class=\"wp-block-button__link wp-element-button\" href=\"https:\/\/canadiancraftsfederation.ca\/fr\/adhesion\/prix-de-lartiste-de-lannee\/\" target=\"_blank\" rel=\"noreferrer noopener\">En savoir plus<\/a><\/div>\n<\/div>\n<\/div><\/details><\/div>\n\n\n\n<div class=\"wp-block-coblocks-accordion-item\"><details open><summary class=\"wp-block-coblocks-accordion-item__title\"><span class=\"uppercase\"><strong>Prix de la rel\u00e8ve des m\u00e9tiers d&rsquo;art<\/strong><\/span><\/summary><div class=\"wp-block-coblocks-accordion-item__content\">\n<h3 class=\"wp-block-heading\">Prix de la rel\u00e8ve des m\u00e9tiers d&rsquo;art, commandit\u00e9 par Lexus<\/h3>\n\n\n\n<div style=\"height:var(--wp--preset--spacing--40)\" aria-hidden=\"true\" class=\"wp-block-spacer\"><\/div>\n\n\n\n<h4 class=\"wp-block-heading\"><strong>D\u00e9finir les m\u00e9tiers d\u2019art de demain<\/strong><\/h4>\n\n\n\n<p>Le Prix de la rel\u00e8ve des m\u00e9tiers d\u2019art, commandit\u00e9 par Lexus Canada, c\u00e9l\u00e8bre un artisan ou une artisane de la rel\u00e8ve canadienne qui, par son sens de l\u2019innovation et son regard neuf, participe \u00e0 transformer le paysage culturel canadien et \u00e0 red\u00e9finir les proc\u00e9d\u00e9s artisanaux traditionnels. Ce prix, d\u2019une valeur de 10 000 $ CA, est d\u00e9cern\u00e9 \u00e0 une personne s\u00e9lectionn\u00e9e parmi les candidates et candidats propos\u00e9s par les membres de la F\u00e9d\u00e9ration canadienne des m\u00e9tiers d\u2019art (FCMA\/CCF).<\/p>\n\n\n\n<p>Le soutien financier important qui accompagne cette r\u00e9compense permettra au laur\u00e9at ou \u00e0 la laur\u00e9ate d\u2019\u00e9tudier de nouvelles techniques, de mettre \u00e0 l\u2019essai des mat\u00e9riaux innovants et de repousser les fronti\u00e8res de la cr\u00e9ation. Parce qu\u2019il valorise l\u2019adoption \u00e0 la fois de techniques contemporaines et de pratiques \u00e9coresponsables, ce prix nourrit le d\u00e9veloppement d\u2019un ou d\u2019une artiste et nous rappelle que les m\u00e9tiers d\u2019art jouent un r\u00f4le essentiel tant pour l\u2019avenir de la plan\u00e8te que pour celui de la soci\u00e9t\u00e9. Ce prix est le reflet de l\u2019engagement de Lexus envers l\u2019excellence et la pr\u00e9cision, et de sa volont\u00e9 de b\u00e2tir un futur qui mise sur l\u2019\u00e9lectrification et qui offre \u00e0 la nouvelle g\u00e9n\u00e9ration de cr\u00e9ateurs et cr\u00e9atrices les moyens de laisser leur marque dans la communaut\u00e9 des m\u00e9tiers d\u2019art.<\/p>\n\n\n\n<h4 class=\"wp-block-heading\"><strong>DATE LIMITE : 27 F\u00c9VRIER 2026<\/strong><\/h4>\n\n\n\n<div style=\"height:36px\" aria-hidden=\"true\" class=\"wp-block-spacer\"><\/div>\n\n\n\n<div class=\"wp-block-buttons is-layout-flex wp-block-buttons-is-layout-flex\">\n<div class=\"wp-block-button\"><a class=\"wp-block-button__link wp-element-button\" href=\"https:\/\/canadiancraftsfederation.ca\/fr\/adhesion\/prix-de-la-releve-des-metiers-dart\/\" target=\"_blank\" rel=\"noreferrer noopener\">En savoir plus<\/a><\/div>\n<\/div>\n<\/div><\/details><\/div>\n<\/div>\n","protected":false},"excerpt":{"rendered":"<p>Prix<\/p>\n","protected":false},"author":2,"featured_media":10348,"parent":425,"menu_order":0,"comment_status":"closed","ping_status":"closed","template":"template-content-page.php","meta":{"_acf_changed":false,"_coblocks_attr":"","_coblocks_dimensions":"","_coblocks_responsive_height":"","_coblocks_accordion_ie_support":"","_monsterinsights_skip_tracking":false,"_monsterinsights_sitenote_active":false,"_monsterinsights_sitenote_note":"","_monsterinsights_sitenote_category":0,"footnotes":""},"class_list":["post-10992","page","type-page","status-publish","has-post-thumbnail","hentry"],"acf":[],"aioseo_notices":[],"_links":{"self":[{"href":"https:\/\/canadiancraftsfederation.ca\/fr\/wp-json\/wp\/v2\/pages\/10992","targetHints":{"allow":["GET"]}}],"collection":[{"href":"https:\/\/canadiancraftsfederation.ca\/fr\/wp-json\/wp\/v2\/pages"}],"about":[{"href":"https:\/\/canadiancraftsfederation.ca\/fr\/wp-json\/wp\/v2\/types\/page"}],"author":[{"embeddable":true,"href":"https:\/\/canadiancraftsfederation.ca\/fr\/wp-json\/wp\/v2\/users\/2"}],"replies":[{"embeddable":true,"href":"https:\/\/canadiancraftsfederation.ca\/fr\/wp-json\/wp\/v2\/comments?post=10992"}],"version-history":[{"count":14,"href":"https:\/\/canadiancraftsfederation.ca\/fr\/wp-json\/wp\/v2\/pages\/10992\/revisions"}],"predecessor-version":[{"id":11196,"href":"https:\/\/canadiancraftsfederation.ca\/fr\/wp-json\/wp\/v2\/pages\/10992\/revisions\/11196"}],"up":[{"embeddable":true,"href":"https:\/\/canadiancraftsfederation.ca\/fr\/wp-json\/wp\/v2\/pages\/425"}],"wp:featuredmedia":[{"embeddable":true,"href":"https:\/\/canadiancraftsfederation.ca\/fr\/wp-json\/wp\/v2\/media\/10348"}],"wp:attachment":[{"href":"https:\/\/canadiancraftsfederation.ca\/fr\/wp-json\/wp\/v2\/media?parent=10992"}],"curies":[{"name":"wp","href":"https:\/\/api.w.org\/{rel}","templated":true}]}}