{"id":10819,"date":"2025-05-16T17:45:53","date_gmt":"2025-05-16T20:45:53","guid":{"rendered":"https:\/\/canadiancraftsfederation.ca\/?page_id=10819"},"modified":"2025-05-16T18:31:20","modified_gmt":"2025-05-16T21:31:20","slug":"travailler-avec-nous","status":"publish","type":"page","link":"https:\/\/canadiancraftsfederation.ca\/fr\/a-propos\/notre-conseil-dadministration-et-coordonnees\/travailler-avec-nous\/","title":{"rendered":"Travailler avec nous"},"content":{"rendered":"\n<p><\/p>\n\n\n\n<h3 class=\"wp-block-heading\"><strong>Offres d&#8217;emploi \u00e0 la F\u00e9d\u00e9ration canadienne des m\u00e9tiers d&rsquo;art (FCMA\/CCF)<\/strong><\/h3>\n\n\n\n<p>Nous affichons occasionnellement des offres d&#8217;emploi pour rejoindre notre \u00e9quipe nationale, \u00e0 la crois\u00e9e des m\u00e9tiers d&rsquo;art, de l&rsquo;innovation num\u00e9rique et de la promotion des arts. Les postes sont g\u00e9n\u00e9ralement \u00e0 distance, flexibles et ancr\u00e9s dans l&rsquo;impact culturel et communautaire du secteur des m\u00e9tiers d&rsquo;art.<\/p>\n\n\n\n<p>Nous accueillons des candidatures de partout au Canada, en particulier celles qui apportent des exp\u00e9riences et des perspectives diverses \u00e0 leur travail. Nos valeurs de collaboration, d&rsquo;\u00e9quit\u00e9 et d&rsquo;autonomisation sectorielle guident nos pratiques d&#8217;embauche.<\/p>\n\n\n\n<p><strong>Offres d&#8217;emploi actuelles<\/strong><\/p>\n\n\n\n<p>Chaque poste list\u00e9 ci-dessous est li\u00e9 \u00e0 une description de poste compl\u00e8te, un PDF t\u00e9l\u00e9chargeable et un formulaire de candidature.<\/p>\n\n\n<div class=\"wp-block-coblocks-posts is-style-stacked\"><div class=\"wp-block-coblocks-posts__inner has-columns has-3-columns has-responsive-columns has-sixteen-to-nine-image has-large-gutter\"><div class=\"wp-block-coblocks-posts__item\"><div class=\"wp-block-coblocks-posts__image\"><a href=\"https:\/\/canadiancraftsfederation.ca\/fr\/2025-stage-en-litteratie-numerique\/\" class=\"bg-cover bg-center-center\" style=\"background-image:url(https:\/\/canadiancraftsfederation.ca\/wp-content\/uploads\/2025\/05\/Standard-Banners-01-2.png)\"><\/a><\/div><div class=\"wp-block-coblocks-posts__content\"><time datetime=\"\" class=\"wp-block-coblocks-posts__date\">mai 15, 2025<\/time><a href=\"https:\/\/canadiancraftsfederation.ca\/fr\/2025-stage-en-litteratie-numerique\/\" alt=\"Appel de candidatures : Stage en litt\u00e9ratie num\u00e9rique\">Appel de candidatures : Stage en litt\u00e9ratie num\u00e9rique<\/a><div class=\"wp-block-coblocks-posts__excerpt\">FCMA\/CCF est \u00e0 la recherche d\u2019une personne motiv\u00e9e, curieuse et \u00e0 l\u2019aise &hellip; <\/div><\/div><\/div><div class=\"wp-block-coblocks-posts__item\"><div class=\"wp-block-coblocks-posts__image\"><a href=\"https:\/\/canadiancraftsfederation.ca\/fr\/2025-mentorat-en-redaction-numerique\/\" class=\"bg-cover bg-center-center\" style=\"background-image:url(https:\/\/canadiancraftsfederation.ca\/wp-content\/uploads\/2025\/05\/Standard-Banners-01-2.png)\"><\/a><\/div><div class=\"wp-block-coblocks-posts__content\"><time datetime=\"\" class=\"wp-block-coblocks-posts__date\">mai 15, 2025<\/time><a href=\"https:\/\/canadiancraftsfederation.ca\/fr\/2025-mentorat-en-redaction-numerique\/\" alt=\"Appel de candidatures : Mentorat en r\u00e9daction num\u00e9rique\">Appel de candidatures : Mentorat en r\u00e9daction num\u00e9rique<\/a><div class=\"wp-block-coblocks-posts__excerpt\">FCMA\/CCF est \u00e0 la recherche d\u2019une personne \u00e9mergente \u0153uvrant en r\u00e9daction ou &hellip; <\/div><\/div><\/div><div class=\"wp-block-coblocks-posts__item\"><div class=\"wp-block-coblocks-posts__image\"><a href=\"https:\/\/canadiancraftsfederation.ca\/fr\/2025-stagiaire-en-traduction\/\" class=\"bg-cover bg-center-center\" style=\"background-image:url(https:\/\/canadiancraftsfederation.ca\/wp-content\/uploads\/2025\/05\/Standard-Banners-01-2.png)\"><\/a><\/div><div class=\"wp-block-coblocks-posts__content\"><time datetime=\"\" class=\"wp-block-coblocks-posts__date\">mai 15, 2025<\/time><a href=\"https:\/\/canadiancraftsfederation.ca\/fr\/2025-stagiaire-en-traduction\/\" alt=\"Appel de candidatures : Stagiaire en traduction\">Appel de candidatures : Stagiaire en traduction<\/a><div class=\"wp-block-coblocks-posts__excerpt\">FCMA\/CCF est \u00e0 la recherche d\u2019un\u00b7e \u00e9tudiant\u00b7e bilingue, rigoureux\u00b7se et minutieux\u00b7se pour &hellip; <\/div><\/div><\/div><\/div><\/div>\n\n\n<p><strong>Restez en contact<\/strong><\/p>\n\n\n\n<p>Les offres d&#8217;emploi sont \u00e9galement diffus\u00e9es via notre infolettre, nos r\u00e9seaux sociaux et nos r\u00e9seaux nationaux. Suivez-nous ou consultez r\u00e9guli\u00e8rement cette page pour les derni\u00e8res mises \u00e0 jour.<\/p>\n\n\n\n<p>Si aucun poste n&rsquo;est affich\u00e9, nous vous encourageons \u00e0 consulter notre page <a href=\"https:\/\/canadiancraftsfederation.ca\/fr\/a-propos\/\" target=\"_blank\" rel=\"noopener\" title=\"\">\u00c0 propos<\/a> ou \u00e0 nous contacter pour toute question.<\/p>\n","protected":false},"excerpt":{"rendered":"<p>Travaillez avec une \u00e9quipe qui fait progresser le secteur canadien des m\u00e9tiers d\u2019art. Explorez des postes flexibles ax\u00e9s sur la communaut\u00e9, l&rsquo;\u00e9quit\u00e9 et l&rsquo;impact culturel.<\/p>\n","protected":false},"author":9,"featured_media":10757,"parent":394,"menu_order":0,"comment_status":"closed","ping_status":"closed","template":"template-content-page.php","meta":{"_acf_changed":false,"_coblocks_attr":"","_coblocks_dimensions":"","_coblocks_responsive_height":"","_coblocks_accordion_ie_support":"","_monsterinsights_skip_tracking":false,"_monsterinsights_sitenote_active":false,"_monsterinsights_sitenote_note":"","_monsterinsights_sitenote_category":0,"footnotes":""},"class_list":["post-10819","page","type-page","status-publish","has-post-thumbnail","hentry"],"acf":[],"aioseo_notices":[],"_links":{"self":[{"href":"https:\/\/canadiancraftsfederation.ca\/fr\/wp-json\/wp\/v2\/pages\/10819","targetHints":{"allow":["GET"]}}],"collection":[{"href":"https:\/\/canadiancraftsfederation.ca\/fr\/wp-json\/wp\/v2\/pages"}],"about":[{"href":"https:\/\/canadiancraftsfederation.ca\/fr\/wp-json\/wp\/v2\/types\/page"}],"author":[{"embeddable":true,"href":"https:\/\/canadiancraftsfederation.ca\/fr\/wp-json\/wp\/v2\/users\/9"}],"replies":[{"embeddable":true,"href":"https:\/\/canadiancraftsfederation.ca\/fr\/wp-json\/wp\/v2\/comments?post=10819"}],"version-history":[{"count":5,"href":"https:\/\/canadiancraftsfederation.ca\/fr\/wp-json\/wp\/v2\/pages\/10819\/revisions"}],"predecessor-version":[{"id":10826,"href":"https:\/\/canadiancraftsfederation.ca\/fr\/wp-json\/wp\/v2\/pages\/10819\/revisions\/10826"}],"up":[{"embeddable":true,"href":"https:\/\/canadiancraftsfederation.ca\/fr\/wp-json\/wp\/v2\/pages\/394"}],"wp:featuredmedia":[{"embeddable":true,"href":"https:\/\/canadiancraftsfederation.ca\/fr\/wp-json\/wp\/v2\/media\/10757"}],"wp:attachment":[{"href":"https:\/\/canadiancraftsfederation.ca\/fr\/wp-json\/wp\/v2\/media?parent=10819"}],"curies":[{"name":"wp","href":"https:\/\/api.w.org\/{rel}","templated":true}]}}