{"id":10214,"date":"2024-09-10T14:00:45","date_gmt":"2024-09-10T17:00:45","guid":{"rendered":"https:\/\/canadiancraftsfederation.ca\/?page_id=10214"},"modified":"2025-10-01T17:44:42","modified_gmt":"2025-10-01T20:44:42","slug":"expositions","status":"publish","type":"page","link":"https:\/\/canadiancraftsfederation.ca\/fr\/projets\/projets-actuels\/expositions\/","title":{"rendered":"Expositions"},"content":{"rendered":"\n<h1 class=\"wp-block-heading\"><strong>Expositions en cours<\/strong><\/h1>\n\n\n\n<p>La F\u00e9d\u00e9ration canadienne des m\u00e9tiers d\u2019art\/Canadian Crafts Federation organise des expositions qui mettent en valeur le talent incroyable des artistes de partout au Canada. Par le biais de nos expositions, nous souhaitons partager la beaut\u00e9 et la diversit\u00e9 des m\u00e9tiers d\u2019arts du Canada et leur place importante dans l\u2019art contemporain et nos traditions culturelles. Revenez r\u00e9guli\u00e8rement pour des mises \u00e0 jour sur nos expositions \u00e0 venir.<\/p>\n\n\n\n<h2 class=\"wp-block-heading\"><strong>D\u2019un oc\u00e9an aux autres : C\u00e9l\u00e9brer les m\u00e9tiers d\u2019art du Canada<\/strong><\/h2>\n\n\n\n<p><strong>Craft Council of British Columbia, Vancouver, Colombie-Britannique<\/strong><\/p>\n\n\n\n<p><strong>Vernissage : <\/strong>Jeudi 9 octobre 2025 | Ins\u00e9rer l&rsquo;heure&nbsp;<\/p>\n\n\n\n<p><strong>L\u2019exposition se poursuit jusqu\u2019au : <\/strong>20 novembre 2025<\/p>\n\n\n\n<p><strong>Commandit\u00e9e par Lexus Canada<\/strong><\/p>\n\n\n\n<p>Les m\u00e9tiers d\u2019art racontent la culture, l\u2019innovation et les mains qui les fa\u00e7onnent. \u00c0 l\u2019occasion de son 50 e&nbsp; anniversaire, la F\u00e9d\u00e9ration canadienne des m\u00e9tiers d\u2019art\/Canadian Crafts Federation (FCMA\/CCF) est fi\u00e8re de pr\u00e9senter \u00ab D\u2019un oc\u00e9an \u00e0 l\u2019autre : C\u00e9l\u00e9brer les m\u00e9tiers d\u2019art du Canada \u00bb, une exposition itin\u00e9rante nationale qui met en valeur l\u2019extraordinaire diversit\u00e9 des m\u00e9tiers d\u2019art contemporains au Canada.<\/p>\n\n\n\n<p>Cette exposition pr\u00e9sente des \u0153uvres s\u00e9lectionn\u00e9es par les conseils des m\u00e9tiers d\u2019art provinciaux et territoriaux, couvrant un large \u00e9ventail de mati\u00e8res, de techniques et de traditions. Qu\u2019il s\u2019agisse de tapisseries complexes, d\u2019impressions textiles \u00e9cologiques, de c\u00e9ramiques sculpturales, d\u2019\u0153uvres perl\u00e9es ou de ferronnerie contemporaine, chaque pi\u00e8ce de cette collection repr\u00e9sente la profondeur et l\u2019excellence des m\u00e9tiers d\u2019art canadiens d\u2019aujourd\u2019hui.<\/p>\n\n\n\n<p><strong>Artistes en vedette<\/strong><\/p>\n\n\n\n<p>L\u2019exposition r\u00e9unit plusieurs artistes de talent, y compris :<\/p>\n\n\n\n<ul class=\"wp-block-list\">\n<li><strong>Jane Kidd<\/strong> (<a href=\"https:\/\/craftcouncilbc.ca\/member\/jane-kidd\/\">Craft Council of BC<\/a>) : tapisseries multiformes explorant des th\u00e8mes environnementaux;<\/li>\n\n\n\n<li><strong>Hilary Johnstone<\/strong> (<a href=\"https:\/\/saskcraftcouncil.org\/project\/hilary-johnstone\/\">Saskatchewan Craft Council<\/a>) : Collages de tissus qui captent la puissance de la nature;<\/li>\n\n\n\n<li><strong>Melanie Monique Rose<\/strong> (<a href=\"https:\/\/saskcraftcouncil.org\/project\/melanie-monique-rose\/\">Saskatchewan Craft Council<\/a>) : \u0152uvres \u00e0 porter compos\u00e9es d\u2019impressions \u00e9cologiques de v\u00e9g\u00e9taux des Prairies;<\/li>\n\n\n\n<li><strong>Shawn O\u2019Hagan<\/strong> (<a href=\"https:\/\/www.craftcouncilnl.ca\/membership-directory\/600602961292530016956d7d\">Craft Council of Newfoundland and Labrador<\/a>) : Petites sculptures cr\u00e9\u00e9es \u00e0 partir de lin teint \u00e0 la main et de mati\u00e8res naturelles locales;<\/li>\n\n\n\n<li><strong>Judy Blake<\/strong> (<a href=\"https:\/\/www.craftnb.ca\/fr\/\">M\u00e9tiers d\u2019art NB<\/a>) : \u0152uvres c\u00e9ramiques cuites \u00e0 la cazette (ou \u00ab saggar \u00bb), qui adoptent diverses formes organiques et techniques de cuisson naturelles;<\/li>\n\n\n\n<li><strong>Kye Yeon Son<\/strong> (<a href=\"https:\/\/craftalliance.ca\/\">Craft Alliance Atlantic \u2013 Nova Scotia<\/a>) : Cr\u00e9ations m\u00e9talliques sculpturales explorant des formes organiques;<\/li>\n\n\n\n<li><strong>Paul Robles<\/strong> (<a href=\"https:\/\/c2centreforcraft.ca\/\">Manitoba Craft Council<\/a>) : \u0152uvres complexes en papier d\u00e9coup\u00e9 qui remettent en question les th\u00e8mes de l\u2019identit\u00e9 et de la transformation;<\/li>\n\n\n\n<li><strong>Takashi Iwasaki<\/strong> (<a href=\"https:\/\/c2centreforcraft.ca\/\">Manitoba Craft Council<\/a>) : Broderies cr\u00e9\u00e9es \u00e0 la main et c\u00e9ramiques qui d\u00e9bordent de couleurs et d\u2019\u00e9nergie;\u00a0<\/li>\n\n\n\n<li><strong>Brook Bampton<\/strong> (<a href=\"https:\/\/www.albertacraft.ab.ca\/bampton?rq=brooke\">Alberta Craft Council<\/a>) : Bijoux perl\u00e9s complexes qui marient des influences traditionnelles et contemporaines;<\/li>\n\n\n\n<li><strong>Vi Houssin<\/strong> (<a href=\"https:\/\/c2centreforcraft.ca\/\">Manitoba Craft Council<\/a>) : Paysages perl\u00e9s qui captent l\u2019essence du lieu et de la m\u00e9moire;<\/li>\n\n\n\n<li><strong>Sheena Yakeleya<\/strong> (<a href=\"https:\/\/www.nwtarts.com\/artist-profile\/sheena-yakeleya\">NWT Arts<\/a>) : Superbe cravate perl\u00e9e qui rend hommage \u00e0 l\u2019art autochtone;<\/li>\n\n\n\n<li><strong>Nathalie Bertin<\/strong> (<a href=\"https:\/\/craftontario.com\/\">Craft Ontario<\/a>) : \u0152uvres orn\u00e9es de perles et de fourrure qui refl\u00e8tent les traditions m\u00e9tisses et anishinaabe;<\/li>\n\n\n\n<li><strong>Nicole Travers<\/strong> (<a href=\"https:\/\/www.craftcouncilnl.ca\/membership-directory\/614c700da2b01b0004bdde50\">Craft Council of Newfoundland and Labrador<\/a>) : Bijoux \u00e0 base de peaux de saumon tann\u00e9es \u00e0 l\u2019\u00e9pinette et de perlage complexe;<\/li>\n\n\n\n<li><strong>Hudson Lester<\/strong> (Nunavut Artist) : Stylos en bois de caribou sculpt\u00e9s \u00e0 la main, associant fonctionnalit\u00e9 et mati\u00e8res uniques;<\/li>\n\n\n\n<li><strong>Wei Cheng<\/strong> (<a href=\"https:\/\/craftcouncilbc.ca\/\">Craft Council of BC<\/a>) : Sculptures c\u00e9ramiques mixtes int\u00e9grant des objets trouv\u00e9s;<\/li>\n\n\n\n<li><strong>Jim Aquilani<\/strong> (<a href=\"https:\/\/www.peicraftscouncil.com\/\">PEI Crafts Council<\/a>) : Bijoux inspir\u00e9s par la r\u00e9silience de la nature, qui incorporent de l\u2019argent, du cuivre et des mat\u00e9riaux r\u00e9cup\u00e9r\u00e9s;<\/li>\n\n\n\n<li><a href=\"https:\/\/indigenousyukon.ca\/art-to-explore\/artists\/randi-nelson\"><strong>Randi Nelson<\/strong><\/a><strong> <\/strong>(artiste du Yukon) : fusion \u00e9poustouflante de perles, de pierres pr\u00e9cieuses et de fourrures;<\/li>\n\n\n\n<li><strong>Montserrat Duran Muntadas<\/strong> (<a href=\"https:\/\/www.metiersdart.ca\/repertoire_artisan.php?cid=624\">Conseil des m\u00e9tiers d\u2019art du Qu\u00e9bec<\/a>) : Sculptures de verre qui entrem\u00ealent tradition et innovation.<\/li>\n<\/ul>\n\n\n\n<p>D\u00e9couvrez les mati\u00e8res, les techniques et les r\u00e9cits culturels qui fa\u00e7onnent les m\u00e9tiers d\u2019art au Canada. Rencontrez les artistes, impr\u00e9gnez-vous de leurs \u0153uvres et c\u00e9l\u00e9brez le dynamisme des m\u00e9tiers d\u2019art contemporains.<\/p>\n\n\n\n<div style=\"height:35px\" aria-hidden=\"true\" class=\"wp-block-spacer\"><\/div>\n\n\n\n<h2 class=\"wp-block-heading\"><strong>D\u2019un oc\u00e9an aux autres : C\u00e9l\u00e9brer les m\u00e9tiers d\u2019art du Canada<\/strong><\/h2>\n\n\n\n<h4 class=\"wp-block-heading\"><strong>Galerie d\u2019art d\u2019Ottawa, Ottawa (Ontario) Art Gallery, Ottawa, ON&nbsp;<\/strong><\/h4>\n\n\n\n<h4 class=\"wp-block-heading\"><strong>Du 6 f\u00e9vrier au 20 avril 2025<\/strong><\/h4>\n\n\n\n<p>Organis\u00e9e par Mike Patten, avec les artistes mentionn\u00e9s ci-dessus.<\/p>\n\n\n\n<div style=\"height:35px\" aria-hidden=\"true\" class=\"wp-block-spacer\"><\/div>\n\n\n\n<h1 class=\"wp-block-heading\">Expositions ant\u00e9rieures<\/h1>\n\n\n\n<h2 class=\"wp-block-heading\"><strong>D\u2019un oc\u00e9an \u00e0 l\u2019autre : C\u00e9l\u00e9brer les m\u00e9tiers d\u2019art du Canada<\/strong><\/h2>\n\n\n\n<h4 class=\"wp-block-heading\"><strong>Salon des m\u00e9tiers d\u2019art du Qu\u00e9bec, Montr\u00e9al, QC<\/strong><\/h4>\n\n\n\n<h4 class=\"wp-block-heading\"><strong>Du 12 au 22 d\u00e9cembre 2024<\/strong><\/h4>\n\n\n<div class=\"wp-block-image\">\n<figure class=\"alignleft size-large is-resized\"><a href=\"https:\/\/canadiancraftsfederation.ca\/wp-content\/uploads\/2024\/10\/Coast-to-Coast-to-Coast_dun-ocean-aux-autres_2024_12_12-22.jpeg\" target=\"_blank\" rel=\"noreferrer noopener\"><img loading=\"lazy\" decoding=\"async\" width=\"789\" height=\"1024\" src=\"https:\/\/canadiancraftsfederation.ca\/wp-content\/uploads\/2024\/10\/Coast-to-Coast-to-Coast_dun-ocean-aux-autres_2024_12_12-22-789x1024.jpeg\" alt=\"\" class=\"wp-image-10280\" style=\"width:150px;height:auto\" srcset=\"https:\/\/canadiancraftsfederation.ca\/wp-content\/uploads\/2024\/10\/Coast-to-Coast-to-Coast_dun-ocean-aux-autres_2024_12_12-22-789x1024.jpeg 789w, https:\/\/canadiancraftsfederation.ca\/wp-content\/uploads\/2024\/10\/Coast-to-Coast-to-Coast_dun-ocean-aux-autres_2024_12_12-22-231x300.jpeg 231w, https:\/\/canadiancraftsfederation.ca\/wp-content\/uploads\/2024\/10\/Coast-to-Coast-to-Coast_dun-ocean-aux-autres_2024_12_12-22-768x997.jpeg 768w, https:\/\/canadiancraftsfederation.ca\/wp-content\/uploads\/2024\/10\/Coast-to-Coast-to-Coast_dun-ocean-aux-autres_2024_12_12-22.jpeg 986w\" sizes=\"auto, (max-width: 789px) 100vw, 789px\" \/><\/a><\/figure>\n<\/div>\n\n\n<p>En collaboration avec le Conseil des m\u00e9tiers d\u2019arts du Qu\u00e9bec. Organis\u00e9e par Mike Patten, cette exposition pr\u00e9sente les artistes mentionn\u00e9s ci-dessus, ainsi que des \u0153uvres textiles de Rosie Godbout.<\/p>\n\n\n\n<p><\/p>\n\n\n\n<p><\/p>\n\n\n\n<p><\/p>\n\n\n\n<div class=\"wp-block-buttons is-content-justification-center is-layout-flex wp-container-core-buttons-is-layout-16018d1d wp-block-buttons-is-layout-flex\">\n<div class=\"wp-block-button\"><a class=\"wp-block-button__link has-text-align-center wp-element-button\" href=\"https:\/\/canadiancraftsfederation.us20.list-manage.com\/subscribe?u=84761ee732ab4d43c804b8400&amp;id=bfe48abae1\" target=\"_blank\" rel=\"noreferrer noopener\">Abonnez-vous d\u00e8s aujourd&rsquo;hui<\/a><\/div>\n<\/div>\n\n\n\n<p><\/p>\n","protected":false},"excerpt":{"rendered":"<p>Expositions en cours La F\u00e9d\u00e9ration canadienne des m\u00e9tiers d\u2019art\/Canadian Crafts Federation organise des expositions qui mettent en valeur le talent incroyable des artistes de partout au Canada. Par le biais&#8230;<\/p>\n","protected":false},"author":9,"featured_media":10348,"parent":1202,"menu_order":0,"comment_status":"closed","ping_status":"closed","template":"template-content-page.php","meta":{"_acf_changed":false,"_coblocks_attr":"","_coblocks_dimensions":"","_coblocks_responsive_height":"","_coblocks_accordion_ie_support":"","_monsterinsights_skip_tracking":false,"_monsterinsights_sitenote_active":false,"_monsterinsights_sitenote_note":"","_monsterinsights_sitenote_category":0,"footnotes":""},"class_list":["post-10214","page","type-page","status-publish","has-post-thumbnail","hentry"],"acf":[],"aioseo_notices":[],"_links":{"self":[{"href":"https:\/\/canadiancraftsfederation.ca\/fr\/wp-json\/wp\/v2\/pages\/10214","targetHints":{"allow":["GET"]}}],"collection":[{"href":"https:\/\/canadiancraftsfederation.ca\/fr\/wp-json\/wp\/v2\/pages"}],"about":[{"href":"https:\/\/canadiancraftsfederation.ca\/fr\/wp-json\/wp\/v2\/types\/page"}],"author":[{"embeddable":true,"href":"https:\/\/canadiancraftsfederation.ca\/fr\/wp-json\/wp\/v2\/users\/9"}],"replies":[{"embeddable":true,"href":"https:\/\/canadiancraftsfederation.ca\/fr\/wp-json\/wp\/v2\/comments?post=10214"}],"version-history":[{"count":14,"href":"https:\/\/canadiancraftsfederation.ca\/fr\/wp-json\/wp\/v2\/pages\/10214\/revisions"}],"predecessor-version":[{"id":10975,"href":"https:\/\/canadiancraftsfederation.ca\/fr\/wp-json\/wp\/v2\/pages\/10214\/revisions\/10975"}],"up":[{"embeddable":true,"href":"https:\/\/canadiancraftsfederation.ca\/fr\/wp-json\/wp\/v2\/pages\/1202"}],"wp:featuredmedia":[{"embeddable":true,"href":"https:\/\/canadiancraftsfederation.ca\/fr\/wp-json\/wp\/v2\/media\/10348"}],"wp:attachment":[{"href":"https:\/\/canadiancraftsfederation.ca\/fr\/wp-json\/wp\/v2\/media?parent=10214"}],"curies":[{"name":"wp","href":"https:\/\/api.w.org\/{rel}","templated":true}]}}